{"id":1832,"date":"2025-10-27T23:01:46","date_gmt":"2025-10-27T23:01:46","guid":{"rendered":"https:\/\/greatalimentosorganicos.com\/p\/?post_type=product&#038;p=1832"},"modified":"2025-10-27T23:05:46","modified_gmt":"2025-10-27T23:05:46","slug":"mix-de-berries-organicos-congelados-granel-2kg-bolsa-zip","status":"publish","type":"product","link":"https:\/\/greatalimentosorganicos.com\/p\/product\/mix-de-berries-organicos-congelados-granel-2kg-bolsa-zip\/","title":{"rendered":"Mix de Berries Org\u00e1nicos Congelados \u2013 Granel 2KG (Bolsa Zip)"},"content":{"rendered":"<div class=\"flex-1 overflow-hidden\">\n<div class=\"react-scroll-to-bottom--css-qiwox-79elbk h-full dark:bg-gray-800\">\n<div class=\"react-scroll-to-bottom--css-qiwox-1n7m0yu\">\n<div class=\"flex flex-col text-sm dark:bg-gray-800\">\n<div class=\"group w-full text-token-text-primary border-b border-black\/10 gizmo:border-0 dark:border-gray-900\/50 gizmo:dark:border-0 bg-gray-50 gizmo:bg-transparent dark:bg-[#444654] gizmo:dark:bg-transparent\" data-testid=\"conversation-turn-9\">\n<div class=\"p-4 justify-center text-base md:gap-6 md:py-6 m-auto\">\n<div class=\"flex flex-1 gap-4 text-base mx-auto md:gap-6 gizmo:gap-3 gizmo:md:px-5 gizmo:lg:px-1 gizmo:xl:px-5 md:max-w-2xl lg:max-w-[38rem] gizmo:md:max-w-3xl gizmo:lg:max-w-[40rem] gizmo:xl:max-w-[48rem] xl:max-w-3xl }\">\n<div class=\"relative flex w-[calc(100%-50px)] flex-col gap-1 gizmo:w-full md:gap-3 lg:w-[calc(100%-115px)] agent-turn\">\n<div class=\"flex flex-grow flex-col gap-3 max-w-full\">\n<div class=\"min-h-[20px] flex flex-col items-start gap-3 whitespace-pre-wrap break-words overflow-x-auto\">\n<div class=\"markdown prose w-full break-words dark:prose-invert light\">\n<p data-start=\"1150\" data-end=\"1237\">Nuestro <strong data-start=\"1158\" data-end=\"1197\">Mix de Berries Org\u00e1nicos Congelados<\/strong> combina lo mejor de los frutos rojos:<\/p>\n<ul data-start=\"1238\" data-end=\"1505\">\n<li data-start=\"1238\" data-end=\"1325\">\n<p data-start=\"1240\" data-end=\"1325\"><strong data-start=\"1240\" data-end=\"1252\">Ar\u00e1ndano<\/strong>: alto en antioxidantes, favorece la memoria y la salud cardiovascular.<\/p>\n<\/li>\n<li data-start=\"1326\" data-end=\"1382\">\n<p data-start=\"1328\" data-end=\"1382\"><strong data-start=\"1328\" data-end=\"1341\">Frambuesa<\/strong>: fuente natural de fibra y vitamina C.<\/p>\n<\/li>\n<li data-start=\"1383\" data-end=\"1436\">\n<p data-start=\"1385\" data-end=\"1436\"><strong data-start=\"1385\" data-end=\"1394\">Fresa<\/strong>: dulce, ligera y rica en antioxidantes.<\/p>\n<\/li>\n<li data-start=\"1437\" data-end=\"1505\">\n<p data-start=\"1439\" data-end=\"1505\"><strong data-start=\"1439\" data-end=\"1452\">Zarzamora<\/strong>: intensa y poderosa en polifenoles y antocianinas.<\/p>\n<\/li>\n<\/ul>\n<p data-start=\"1507\" data-end=\"1675\">Esta mezcla balanceada ofrece <strong data-start=\"1537\" data-end=\"1581\">sabor, color y nutrici\u00f3n en cada porci\u00f3n<\/strong>, perfecta para personas y negocios que buscan opciones naturales, saludables y funcionales.<\/p>\n<p data-start=\"1677\" data-end=\"1701\"><strong data-start=\"1677\" data-end=\"1699\">Usos recomendados:<\/strong><\/p>\n<ul data-start=\"1702\" data-end=\"1901\">\n<li data-start=\"1702\" data-end=\"1744\">\n<p data-start=\"1704\" data-end=\"1744\">Smoothies, jugos y bowls de frutas.<\/p>\n<\/li>\n<li data-start=\"1745\" data-end=\"1793\">\n<p data-start=\"1747\" data-end=\"1793\">Reposter\u00eda, panader\u00eda o salsas naturales.<\/p>\n<\/li>\n<li data-start=\"1794\" data-end=\"1840\">\n<p data-start=\"1796\" data-end=\"1840\">Toppings para yogurt, helados o avenas.<\/p>\n<\/li>\n<li data-start=\"1841\" data-end=\"1901\">\n<p data-start=\"1843\" data-end=\"1901\">Ideal para cafeter\u00edas, restaurantes o venta a granel.<\/p>\n<\/li>\n<\/ul>\n<p data-start=\"1903\" data-end=\"2128\"><strong data-start=\"1903\" data-end=\"1930\">Beneficios principales:<\/strong><br data-start=\"1930\" data-end=\"1933\" \/>\u2705 Rica fuente de antioxidantes naturales.<br data-start=\"1974\" data-end=\"1977\" \/>\u2705 Fortalece el sistema inmune y combate el envejecimiento celular.<br data-start=\"2043\" data-end=\"2046\" \/>\u2705 Baja en calor\u00edas, sin az\u00facar ni qu\u00edmicos.<br data-start=\"2089\" data-end=\"2092\" \/>\u2705 Producto org\u00e1nico y sustentable.<\/p>\n<\/div>\n<\/div>\n<\/div>\n<\/div>\n<\/div>\n<\/div>\n<\/div>\n<\/div>\n<\/div>\n<\/div>\n<\/div>\n","protected":false},"excerpt":{"rendered":"<p data-start=\"419\" data-end=\"796\">Vive una explosi\u00f3n de sabor natural con nuestro <strong data-start=\"467\" data-end=\"506\">Mix de Berries Org\u00e1nicos Congelados<\/strong>, una mezcla perfecta de <strong data-start=\"531\" data-end=\"577\">ar\u00e1ndanos, frambuesas, fresas y zarzamoras<\/strong>, cultivadas sin pesticidas ni qu\u00edmicos.<br data-start=\"617\" data-end=\"620\" \/>Cada fruto es cosechado en su punto ideal y sometido a un proceso de <strong data-start=\"689\" data-end=\"709\">ultracongelaci\u00f3n<\/strong>, conservando todas sus propiedades nutricionales, antioxidantes y su color vibrante.<\/p>\n<p data-start=\"798\" data-end=\"982\">Ideal para smoothies, bowls, reposter\u00eda o snacks naturales. Este mix viene en una <strong data-start=\"880\" data-end=\"912\">bolsa zip resellable de 2 kg<\/strong>, pr\u00e1ctica y sustentable, que garantiza frescura y facilidad de uso.<\/p>\n<p data-start=\"798\" data-end=\"982\">Escr\u00edbenos por <a href=\"https:\/\/wa.me\/522211891840\">Whatsapp<\/a><\/p>\n","protected":false},"featured_media":1833,"comment_status":"open","ping_status":"closed","template":"","meta":{"nf_dc_page":"","om_disable_all_campaigns":false},"product_brand":[],"product_cat":[110],"product_tag":[74,112,113,73,70,66],"class_list":{"0":"post-1832","1":"product","2":"type-product","3":"status-publish","4":"has-post-thumbnail","6":"product_cat-congelados","7":"product_tag-berries","8":"product_tag-congelados","9":"product_tag-frozen","10":"product_tag-frutos-rojos","11":"product_tag-organic","12":"product_tag-organica","13":"product_shipping_class-north-america","15":"first","16":"instock","17":"shipping-taxable","18":"product-type-simple"},"yoast_head":"<!-- This site is optimized with the Yoast SEO plugin v27.4 - https:\/\/yoast.com\/product\/yoast-seo-wordpress\/ -->\n<title>Mix de Berries Org\u00e1nicos Congelados \u2013 Granel 2KG (Bolsa Zip) - GREAT<\/title>\n<meta name=\"robots\" content=\"index, follow, max-snippet:-1, max-image-preview:large, max-video-preview:-1\" \/>\n<link rel=\"canonical\" href=\"https:\/\/greatalimentosorganicos.com\/p\/product\/mix-de-berries-organicos-congelados-granel-2kg-bolsa-zip\/\" \/>\n<meta property=\"og:locale\" content=\"es_ES\" \/>\n<meta property=\"og:type\" content=\"article\" \/>\n<meta property=\"og:title\" content=\"Mix de Berries Org\u00e1nicos Congelados \u2013 Granel 2KG (Bolsa Zip) - GREAT\" \/>\n<meta property=\"og:description\" content=\"Vive una explosi\u00f3n de sabor natural con nuestro Mix de Berries Org\u00e1nicos Congelados, una mezcla perfecta de ar\u00e1ndanos, frambuesas, fresas y zarzamoras, cultivadas sin pesticidas ni qu\u00edmicos.Cada fruto es cosechado en su punto ideal y sometido a un proceso de ultracongelaci\u00f3n, conservando todas sus propiedades nutricionales, antioxidantes y su color vibrante. Ideal para smoothies, bowls, reposter\u00eda o snacks naturales. Este mix viene en una bolsa zip resellable de 2 kg, pr\u00e1ctica y sustentable, que garantiza frescura y facilidad de uso. Escr\u00edbenos por Whatsapp\" \/>\n<meta property=\"og:url\" content=\"https:\/\/greatalimentosorganicos.com\/p\/product\/mix-de-berries-organicos-congelados-granel-2kg-bolsa-zip\/\" \/>\n<meta property=\"og:site_name\" content=\"GREAT\" \/>\n<meta property=\"article:modified_time\" content=\"2025-10-27T23:05:46+00:00\" \/>\n<meta property=\"og:image\" content=\"https:\/\/greatalimentosorganicos.com\/p\/wp-content\/uploads\/2025\/10\/Mix-de-berries.jpeg\" \/>\n\t<meta property=\"og:image:width\" content=\"1200\" \/>\n\t<meta property=\"og:image:height\" content=\"1200\" \/>\n\t<meta property=\"og:image:type\" content=\"image\/jpeg\" \/>\n<meta name=\"twitter:card\" content=\"summary_large_image\" \/>\n<meta name=\"twitter:label1\" content=\"Tiempo de lectura\" \/>\n\t<meta name=\"twitter:data1\" content=\"1 minuto\" \/>\n<script type=\"application\/ld+json\" class=\"yoast-schema-graph\">{\"@context\":\"https:\\\/\\\/schema.org\",\"@graph\":[{\"@type\":\"WebPage\",\"@id\":\"https:\\\/\\\/greatalimentosorganicos.com\\\/p\\\/product\\\/mix-de-berries-organicos-congelados-granel-2kg-bolsa-zip\\\/\",\"url\":\"https:\\\/\\\/greatalimentosorganicos.com\\\/p\\\/product\\\/mix-de-berries-organicos-congelados-granel-2kg-bolsa-zip\\\/\",\"name\":\"Mix de Berries Org\u00e1nicos Congelados \u2013 Granel 2KG (Bolsa Zip) - GREAT\",\"isPartOf\":{\"@id\":\"https:\\\/\\\/greatalimentosorganicos.com\\\/p\\\/#website\"},\"primaryImageOfPage\":{\"@id\":\"https:\\\/\\\/greatalimentosorganicos.com\\\/p\\\/product\\\/mix-de-berries-organicos-congelados-granel-2kg-bolsa-zip\\\/#primaryimage\"},\"image\":{\"@id\":\"https:\\\/\\\/greatalimentosorganicos.com\\\/p\\\/product\\\/mix-de-berries-organicos-congelados-granel-2kg-bolsa-zip\\\/#primaryimage\"},\"thumbnailUrl\":\"https:\\\/\\\/greatalimentosorganicos.com\\\/p\\\/wp-content\\\/uploads\\\/2025\\\/10\\\/Mix-de-berries.jpeg\",\"datePublished\":\"2025-10-27T23:01:46+00:00\",\"dateModified\":\"2025-10-27T23:05:46+00:00\",\"breadcrumb\":{\"@id\":\"https:\\\/\\\/greatalimentosorganicos.com\\\/p\\\/product\\\/mix-de-berries-organicos-congelados-granel-2kg-bolsa-zip\\\/#breadcrumb\"},\"inLanguage\":\"es\",\"potentialAction\":[{\"@type\":\"ReadAction\",\"target\":[\"https:\\\/\\\/greatalimentosorganicos.com\\\/p\\\/product\\\/mix-de-berries-organicos-congelados-granel-2kg-bolsa-zip\\\/\"]}]},{\"@type\":\"ImageObject\",\"inLanguage\":\"es\",\"@id\":\"https:\\\/\\\/greatalimentosorganicos.com\\\/p\\\/product\\\/mix-de-berries-organicos-congelados-granel-2kg-bolsa-zip\\\/#primaryimage\",\"url\":\"https:\\\/\\\/greatalimentosorganicos.com\\\/p\\\/wp-content\\\/uploads\\\/2025\\\/10\\\/Mix-de-berries.jpeg\",\"contentUrl\":\"https:\\\/\\\/greatalimentosorganicos.com\\\/p\\\/wp-content\\\/uploads\\\/2025\\\/10\\\/Mix-de-berries.jpeg\",\"width\":1200,\"height\":1200,\"caption\":\"Mix de berries org\u00e1nicos congelados a granel en bolsa zip de 2 kg \u2013 Great Alimentos Org\u00e1nicos\"},{\"@type\":\"BreadcrumbList\",\"@id\":\"https:\\\/\\\/greatalimentosorganicos.com\\\/p\\\/product\\\/mix-de-berries-organicos-congelados-granel-2kg-bolsa-zip\\\/#breadcrumb\",\"itemListElement\":[{\"@type\":\"ListItem\",\"position\":1,\"name\":\"Productos\",\"item\":\"https:\\\/\\\/greatalimentosorganicos.com\\\/p\\\/shop\\\/\"},{\"@type\":\"ListItem\",\"position\":2,\"name\":\"Mix de Berries Org\u00e1nicos Congelados \u2013 Granel 2KG (Bolsa Zip)\"}]},{\"@type\":\"WebSite\",\"@id\":\"https:\\\/\\\/greatalimentosorganicos.com\\\/p\\\/#website\",\"url\":\"https:\\\/\\\/greatalimentosorganicos.com\\\/p\\\/\",\"name\":\"GREAT\",\"description\":\"Alimentos Org\u00e1nicos\",\"publisher\":{\"@id\":\"https:\\\/\\\/greatalimentosorganicos.com\\\/p\\\/#organization\"},\"potentialAction\":[{\"@type\":\"SearchAction\",\"target\":{\"@type\":\"EntryPoint\",\"urlTemplate\":\"https:\\\/\\\/greatalimentosorganicos.com\\\/p\\\/?s={search_term_string}\"},\"query-input\":{\"@type\":\"PropertyValueSpecification\",\"valueRequired\":true,\"valueName\":\"search_term_string\"}}],\"inLanguage\":\"es\"},{\"@type\":\"Organization\",\"@id\":\"https:\\\/\\\/greatalimentosorganicos.com\\\/p\\\/#organization\",\"name\":\"GREAT\",\"url\":\"https:\\\/\\\/greatalimentosorganicos.com\\\/p\\\/\",\"logo\":{\"@type\":\"ImageObject\",\"inLanguage\":\"es\",\"@id\":\"https:\\\/\\\/greatalimentosorganicos.com\\\/p\\\/#\\\/schema\\\/logo\\\/image\\\/\",\"url\":\"https:\\\/\\\/greatalimentosorganicos.com\\\/p\\\/wp-content\\\/uploads\\\/2023\\\/09\\\/LOGO-2023_GREAT_TXT_gris.png\",\"contentUrl\":\"https:\\\/\\\/greatalimentosorganicos.com\\\/p\\\/wp-content\\\/uploads\\\/2023\\\/09\\\/LOGO-2023_GREAT_TXT_gris.png\",\"width\":800,\"height\":193,\"caption\":\"GREAT\"},\"image\":{\"@id\":\"https:\\\/\\\/greatalimentosorganicos.com\\\/p\\\/#\\\/schema\\\/logo\\\/image\\\/\"}}]}<\/script>\n<!-- \/ Yoast SEO plugin. -->","yoast_head_json":{"title":"Mix de Berries Org\u00e1nicos Congelados \u2013 Granel 2KG (Bolsa Zip) - GREAT","robots":{"index":"index","follow":"follow","max-snippet":"max-snippet:-1","max-image-preview":"max-image-preview:large","max-video-preview":"max-video-preview:-1"},"canonical":"https:\/\/greatalimentosorganicos.com\/p\/product\/mix-de-berries-organicos-congelados-granel-2kg-bolsa-zip\/","og_locale":"es_ES","og_type":"article","og_title":"Mix de Berries Org\u00e1nicos Congelados \u2013 Granel 2KG (Bolsa Zip) - GREAT","og_description":"Vive una explosi\u00f3n de sabor natural con nuestro Mix de Berries Org\u00e1nicos Congelados, una mezcla perfecta de ar\u00e1ndanos, frambuesas, fresas y zarzamoras, cultivadas sin pesticidas ni qu\u00edmicos.Cada fruto es cosechado en su punto ideal y sometido a un proceso de ultracongelaci\u00f3n, conservando todas sus propiedades nutricionales, antioxidantes y su color vibrante. Ideal para smoothies, bowls, reposter\u00eda o snacks naturales. Este mix viene en una bolsa zip resellable de 2 kg, pr\u00e1ctica y sustentable, que garantiza frescura y facilidad de uso. Escr\u00edbenos por Whatsapp","og_url":"https:\/\/greatalimentosorganicos.com\/p\/product\/mix-de-berries-organicos-congelados-granel-2kg-bolsa-zip\/","og_site_name":"GREAT","article_modified_time":"2025-10-27T23:05:46+00:00","og_image":[{"width":1200,"height":1200,"url":"https:\/\/greatalimentosorganicos.com\/p\/wp-content\/uploads\/2025\/10\/Mix-de-berries.jpeg","type":"image\/jpeg"}],"twitter_card":"summary_large_image","twitter_misc":{"Tiempo de lectura":"1 minuto"},"schema":{"@context":"https:\/\/schema.org","@graph":[{"@type":"WebPage","@id":"https:\/\/greatalimentosorganicos.com\/p\/product\/mix-de-berries-organicos-congelados-granel-2kg-bolsa-zip\/","url":"https:\/\/greatalimentosorganicos.com\/p\/product\/mix-de-berries-organicos-congelados-granel-2kg-bolsa-zip\/","name":"Mix de Berries Org\u00e1nicos Congelados \u2013 Granel 2KG (Bolsa Zip) - GREAT","isPartOf":{"@id":"https:\/\/greatalimentosorganicos.com\/p\/#website"},"primaryImageOfPage":{"@id":"https:\/\/greatalimentosorganicos.com\/p\/product\/mix-de-berries-organicos-congelados-granel-2kg-bolsa-zip\/#primaryimage"},"image":{"@id":"https:\/\/greatalimentosorganicos.com\/p\/product\/mix-de-berries-organicos-congelados-granel-2kg-bolsa-zip\/#primaryimage"},"thumbnailUrl":"https:\/\/greatalimentosorganicos.com\/p\/wp-content\/uploads\/2025\/10\/Mix-de-berries.jpeg","datePublished":"2025-10-27T23:01:46+00:00","dateModified":"2025-10-27T23:05:46+00:00","breadcrumb":{"@id":"https:\/\/greatalimentosorganicos.com\/p\/product\/mix-de-berries-organicos-congelados-granel-2kg-bolsa-zip\/#breadcrumb"},"inLanguage":"es","potentialAction":[{"@type":"ReadAction","target":["https:\/\/greatalimentosorganicos.com\/p\/product\/mix-de-berries-organicos-congelados-granel-2kg-bolsa-zip\/"]}]},{"@type":"ImageObject","inLanguage":"es","@id":"https:\/\/greatalimentosorganicos.com\/p\/product\/mix-de-berries-organicos-congelados-granel-2kg-bolsa-zip\/#primaryimage","url":"https:\/\/greatalimentosorganicos.com\/p\/wp-content\/uploads\/2025\/10\/Mix-de-berries.jpeg","contentUrl":"https:\/\/greatalimentosorganicos.com\/p\/wp-content\/uploads\/2025\/10\/Mix-de-berries.jpeg","width":1200,"height":1200,"caption":"Mix de berries org\u00e1nicos congelados a granel en bolsa zip de 2 kg \u2013 Great Alimentos Org\u00e1nicos"},{"@type":"BreadcrumbList","@id":"https:\/\/greatalimentosorganicos.com\/p\/product\/mix-de-berries-organicos-congelados-granel-2kg-bolsa-zip\/#breadcrumb","itemListElement":[{"@type":"ListItem","position":1,"name":"Productos","item":"https:\/\/greatalimentosorganicos.com\/p\/shop\/"},{"@type":"ListItem","position":2,"name":"Mix de Berries Org\u00e1nicos Congelados \u2013 Granel 2KG (Bolsa Zip)"}]},{"@type":"WebSite","@id":"https:\/\/greatalimentosorganicos.com\/p\/#website","url":"https:\/\/greatalimentosorganicos.com\/p\/","name":"GREAT","description":"Alimentos Org\u00e1nicos","publisher":{"@id":"https:\/\/greatalimentosorganicos.com\/p\/#organization"},"potentialAction":[{"@type":"SearchAction","target":{"@type":"EntryPoint","urlTemplate":"https:\/\/greatalimentosorganicos.com\/p\/?s={search_term_string}"},"query-input":{"@type":"PropertyValueSpecification","valueRequired":true,"valueName":"search_term_string"}}],"inLanguage":"es"},{"@type":"Organization","@id":"https:\/\/greatalimentosorganicos.com\/p\/#organization","name":"GREAT","url":"https:\/\/greatalimentosorganicos.com\/p\/","logo":{"@type":"ImageObject","inLanguage":"es","@id":"https:\/\/greatalimentosorganicos.com\/p\/#\/schema\/logo\/image\/","url":"https:\/\/greatalimentosorganicos.com\/p\/wp-content\/uploads\/2023\/09\/LOGO-2023_GREAT_TXT_gris.png","contentUrl":"https:\/\/greatalimentosorganicos.com\/p\/wp-content\/uploads\/2023\/09\/LOGO-2023_GREAT_TXT_gris.png","width":800,"height":193,"caption":"GREAT"},"image":{"@id":"https:\/\/greatalimentosorganicos.com\/p\/#\/schema\/logo\/image\/"}}]}},"_links":{"self":[{"href":"https:\/\/greatalimentosorganicos.com\/p\/wp-json\/wp\/v2\/product\/1832","targetHints":{"allow":["GET"]}}],"collection":[{"href":"https:\/\/greatalimentosorganicos.com\/p\/wp-json\/wp\/v2\/product"}],"about":[{"href":"https:\/\/greatalimentosorganicos.com\/p\/wp-json\/wp\/v2\/types\/product"}],"replies":[{"embeddable":true,"href":"https:\/\/greatalimentosorganicos.com\/p\/wp-json\/wp\/v2\/comments?post=1832"}],"wp:featuredmedia":[{"embeddable":true,"href":"https:\/\/greatalimentosorganicos.com\/p\/wp-json\/wp\/v2\/media\/1833"}],"wp:attachment":[{"href":"https:\/\/greatalimentosorganicos.com\/p\/wp-json\/wp\/v2\/media?parent=1832"}],"wp:term":[{"taxonomy":"product_brand","embeddable":true,"href":"https:\/\/greatalimentosorganicos.com\/p\/wp-json\/wp\/v2\/product_brand?post=1832"},{"taxonomy":"product_cat","embeddable":true,"href":"https:\/\/greatalimentosorganicos.com\/p\/wp-json\/wp\/v2\/product_cat?post=1832"},{"taxonomy":"product_tag","embeddable":true,"href":"https:\/\/greatalimentosorganicos.com\/p\/wp-json\/wp\/v2\/product_tag?post=1832"}],"curies":[{"name":"wp","href":"https:\/\/api.w.org\/{rel}","templated":true}]}}