{"id":1813,"date":"2025-10-27T18:21:02","date_gmt":"2025-10-27T18:21:02","guid":{"rendered":"https:\/\/greatalimentosorganicos.com\/p\/?post_type=product&#038;p=1813"},"modified":"2025-10-27T22:55:50","modified_gmt":"2025-10-27T22:55:50","slug":"arandanos-congelados-de-cosecha-ecologica-granel-2kg-bolsa-zip","status":"publish","type":"product","link":"https:\/\/greatalimentosorganicos.com\/p\/product\/arandanos-congelados-de-cosecha-ecologica-granel-2kg-bolsa-zip\/","title":{"rendered":"Ar\u00e1ndanos Congelados de Cosecha Ecol\u00f3gica \u2013 Granel 2KG (Bolsa Zip)"},"content":{"rendered":"<div class=\"flex-1 overflow-hidden\">\n<div class=\"react-scroll-to-bottom--css-qiwox-79elbk h-full dark:bg-gray-800\">\n<div class=\"react-scroll-to-bottom--css-qiwox-1n7m0yu\">\n<div class=\"flex flex-col text-sm dark:bg-gray-800\">\n<div class=\"group w-full text-token-text-primary border-b border-black\/10 gizmo:border-0 dark:border-gray-900\/50 gizmo:dark:border-0 bg-gray-50 gizmo:bg-transparent dark:bg-[#444654] gizmo:dark:bg-transparent\" data-testid=\"conversation-turn-9\">\n<div class=\"p-4 justify-center text-base md:gap-6 md:py-6 m-auto\">\n<div class=\"flex flex-1 gap-4 text-base mx-auto md:gap-6 gizmo:gap-3 gizmo:md:px-5 gizmo:lg:px-1 gizmo:xl:px-5 md:max-w-2xl lg:max-w-[38rem] gizmo:md:max-w-3xl gizmo:lg:max-w-[40rem] gizmo:xl:max-w-[48rem] xl:max-w-3xl }\">\n<div class=\"relative flex w-[calc(100%-50px)] flex-col gap-1 gizmo:w-full md:gap-3 lg:w-[calc(100%-115px)] agent-turn\">\n<div class=\"flex flex-grow flex-col gap-3 max-w-full\">\n<div class=\"min-h-[20px] flex flex-col items-start gap-3 whitespace-pre-wrap break-words overflow-x-auto\">\n<div class=\"markdown prose w-full break-words dark:prose-invert light\">\n<p data-start=\"1159\" data-end=\"1504\">Nuestros <strong data-start=\"1168\" data-end=\"1213\">ar\u00e1ndanos congelados de cosecha ecol\u00f3gica<\/strong> son seleccionados cuidadosamente desde campos certificados, libres de pesticidas y qu\u00edmicos.<\/p>\n<p data-start=\"1159\" data-end=\"1504\"><br data-start=\"1306\" data-end=\"1309\" \/>A trav\u00e9s del proceso de <strong data-start=\"1333\" data-end=\"1353\">congelaci\u00f3n<\/strong>, las bayas conservan su color intenso, textura firme y todas sus propiedades nutricionales, incluyendo <strong data-start=\"1457\" data-end=\"1501\">antocianinas, vitamina C y fibra natural<\/strong>.<\/p>\n<p data-start=\"1506\" data-end=\"1692\">Gracias a su formato <strong data-start=\"1527\" data-end=\"1562\">a granel de 2 kg con cierre zip<\/strong>, puedes usarlos f\u00e1cilmente en distintas preparaciones sin desperdicio y con una larga vida \u00fatil.<br data-start=\"1659\" data-end=\"1662\" \/>Este producto es ideal para:<\/p>\n<ul data-start=\"1693\" data-end=\"1887\">\n<li data-start=\"1693\" data-end=\"1733\">\n<p data-start=\"1695\" data-end=\"1733\"><strong data-start=\"1695\" data-end=\"1731\">Smoothies y jugos antioxidantes.<\/strong><\/p>\n<\/li>\n<li data-start=\"1734\" data-end=\"1787\">\n<p data-start=\"1736\" data-end=\"1787\"><strong data-start=\"1736\" data-end=\"1785\">Panader\u00eda, reposter\u00eda o toppings para yogurt.<\/strong><\/p>\n<\/li>\n<li data-start=\"1788\" data-end=\"1841\">\n<p data-start=\"1790\" data-end=\"1841\"><strong data-start=\"1790\" data-end=\"1839\">Cocinas industriales o cafeter\u00edas saludables.<\/strong><\/p>\n<\/li>\n<li data-start=\"1842\" data-end=\"1887\">\n<p data-start=\"1844\" data-end=\"1887\"><strong data-start=\"1844\" data-end=\"1885\">Consumo familiar o meal prep semanal.<\/strong><\/p>\n<\/li>\n<\/ul>\n<p data-start=\"1889\" data-end=\"2124\"><strong data-start=\"1889\" data-end=\"1916\">Beneficios principales:<\/strong><br data-start=\"1916\" data-end=\"1919\" \/>\u2705 Rica fuente de antioxidantes naturales.<br data-start=\"1960\" data-end=\"1963\" \/>\u2705 Ayuda al sistema inmunol\u00f3gico y cardiovascular.<br data-start=\"2012\" data-end=\"2015\" \/>\u2705 Bajo \u00edndice gluc\u00e9mico, ideal para dietas balanceadas.<br data-start=\"2070\" data-end=\"2073\" \/>\u2705 Producto sustentable, ecol\u00f3gico y sin qu\u00edmicos.<\/p>\n<\/div>\n<\/div>\n<\/div>\n<\/div>\n<\/div>\n<\/div>\n<\/div>\n<\/div>\n<\/div>\n<\/div>\n<\/div>\n","protected":false},"excerpt":{"rendered":"<p>Descubre la pureza y el sabor natural de nuestros <strong data-start=\"422\" data-end=\"455\">ar\u00e1ndanos congelados a granel<\/strong>, cosechados de manera <strong data-start=\"478\" data-end=\"504\">ecol\u00f3gica y sostenible<\/strong>. Conservados mediante un proceso de <strong data-start=\"541\" data-end=\"568\">ultracongelaci\u00f3n r\u00e1pida<\/strong>, mantienen intactas sus <strong data-start=\"593\" data-end=\"639\">vitaminas, antioxidantes y sabor aut\u00e9ntico<\/strong>.<br data-start=\"640\" data-end=\"643\" \/>Ideales para jugos, smoothies, postres, reposter\u00eda o snacks saludables, vienen en una <strong data-start=\"729\" data-end=\"766\">pr\u00e1ctica bolsa resellable de 2 kg<\/strong> que garantiza frescura y comodidad.<br data-start=\"802\" data-end=\"805\" \/>Perfectos para familias, negocios de alimentos, cafeter\u00edas o amantes de la vida saludable que buscan ingredientes naturales y sin conservadores.<\/p>\n<p><a href=\"https:\/\/wa.me\/522211891840\">Escr\u00edbenos<\/a><\/p>\n","protected":false},"featured_media":1816,"comment_status":"open","ping_status":"closed","template":"","meta":{"nf_dc_page":"","om_disable_all_campaigns":false},"product_brand":[],"product_cat":[110],"product_tag":[111,114,112,113,70,66],"class_list":{"0":"post-1813","1":"product","2":"type-product","3":"status-publish","4":"has-post-thumbnail","6":"product_cat-congelados","7":"product_tag-aandanos","8":"product_tag-blueberries","9":"product_tag-congelados","10":"product_tag-frozen","11":"product_tag-organic","12":"product_tag-organica","13":"product_shipping_class-north-america","15":"first","16":"instock","17":"shipping-taxable","18":"product-type-simple"},"yoast_head":"<!-- This site is optimized with the Yoast SEO plugin v27.4 - https:\/\/yoast.com\/product\/yoast-seo-wordpress\/ -->\n<title>Ar\u00e1ndanos Congelados de Cosecha Ecol\u00f3gica \u2013 Granel 2KG (Bolsa Zip) - GREAT<\/title>\n<meta name=\"robots\" content=\"index, follow, max-snippet:-1, max-image-preview:large, max-video-preview:-1\" \/>\n<link rel=\"canonical\" href=\"https:\/\/greatalimentosorganicos.com\/p\/product\/arandanos-congelados-de-cosecha-ecologica-granel-2kg-bolsa-zip\/\" \/>\n<meta property=\"og:locale\" content=\"es_ES\" \/>\n<meta property=\"og:type\" content=\"article\" \/>\n<meta property=\"og:title\" content=\"Ar\u00e1ndanos Congelados de Cosecha Ecol\u00f3gica \u2013 Granel 2KG (Bolsa Zip) - GREAT\" \/>\n<meta property=\"og:description\" content=\"Descubre la pureza y el sabor natural de nuestros ar\u00e1ndanos congelados a granel, cosechados de manera ecol\u00f3gica y sostenible. Conservados mediante un proceso de ultracongelaci\u00f3n r\u00e1pida, mantienen intactas sus vitaminas, antioxidantes y sabor aut\u00e9ntico.Ideales para jugos, smoothies, postres, reposter\u00eda o snacks saludables, vienen en una pr\u00e1ctica bolsa resellable de 2 kg que garantiza frescura y comodidad.Perfectos para familias, negocios de alimentos, cafeter\u00edas o amantes de la vida saludable que buscan ingredientes naturales y sin conservadores.  Escr\u00edbenos\" \/>\n<meta property=\"og:url\" content=\"https:\/\/greatalimentosorganicos.com\/p\/product\/arandanos-congelados-de-cosecha-ecologica-granel-2kg-bolsa-zip\/\" \/>\n<meta property=\"og:site_name\" content=\"GREAT\" \/>\n<meta property=\"article:modified_time\" content=\"2025-10-27T22:55:50+00:00\" \/>\n<meta property=\"og:image\" content=\"https:\/\/greatalimentosorganicos.com\/p\/wp-content\/uploads\/2025\/10\/Arandano_1.jpg\" \/>\n\t<meta property=\"og:image:width\" content=\"1500\" \/>\n\t<meta property=\"og:image:height\" content=\"1500\" \/>\n\t<meta property=\"og:image:type\" content=\"image\/jpeg\" \/>\n<meta name=\"twitter:card\" content=\"summary_large_image\" \/>\n<meta name=\"twitter:label1\" content=\"Tiempo de lectura\" \/>\n\t<meta name=\"twitter:data1\" content=\"1 minuto\" \/>\n<script type=\"application\/ld+json\" class=\"yoast-schema-graph\">{\"@context\":\"https:\\\/\\\/schema.org\",\"@graph\":[{\"@type\":\"WebPage\",\"@id\":\"https:\\\/\\\/greatalimentosorganicos.com\\\/p\\\/product\\\/arandanos-congelados-de-cosecha-ecologica-granel-2kg-bolsa-zip\\\/\",\"url\":\"https:\\\/\\\/greatalimentosorganicos.com\\\/p\\\/product\\\/arandanos-congelados-de-cosecha-ecologica-granel-2kg-bolsa-zip\\\/\",\"name\":\"Ar\u00e1ndanos Congelados de Cosecha Ecol\u00f3gica \u2013 Granel 2KG (Bolsa Zip) - GREAT\",\"isPartOf\":{\"@id\":\"https:\\\/\\\/greatalimentosorganicos.com\\\/p\\\/#website\"},\"primaryImageOfPage\":{\"@id\":\"https:\\\/\\\/greatalimentosorganicos.com\\\/p\\\/product\\\/arandanos-congelados-de-cosecha-ecologica-granel-2kg-bolsa-zip\\\/#primaryimage\"},\"image\":{\"@id\":\"https:\\\/\\\/greatalimentosorganicos.com\\\/p\\\/product\\\/arandanos-congelados-de-cosecha-ecologica-granel-2kg-bolsa-zip\\\/#primaryimage\"},\"thumbnailUrl\":\"https:\\\/\\\/greatalimentosorganicos.com\\\/p\\\/wp-content\\\/uploads\\\/2025\\\/10\\\/Arandano_1.jpg\",\"datePublished\":\"2025-10-27T18:21:02+00:00\",\"dateModified\":\"2025-10-27T22:55:50+00:00\",\"breadcrumb\":{\"@id\":\"https:\\\/\\\/greatalimentosorganicos.com\\\/p\\\/product\\\/arandanos-congelados-de-cosecha-ecologica-granel-2kg-bolsa-zip\\\/#breadcrumb\"},\"inLanguage\":\"es\",\"potentialAction\":[{\"@type\":\"ReadAction\",\"target\":[\"https:\\\/\\\/greatalimentosorganicos.com\\\/p\\\/product\\\/arandanos-congelados-de-cosecha-ecologica-granel-2kg-bolsa-zip\\\/\"]}]},{\"@type\":\"ImageObject\",\"inLanguage\":\"es\",\"@id\":\"https:\\\/\\\/greatalimentosorganicos.com\\\/p\\\/product\\\/arandanos-congelados-de-cosecha-ecologica-granel-2kg-bolsa-zip\\\/#primaryimage\",\"url\":\"https:\\\/\\\/greatalimentosorganicos.com\\\/p\\\/wp-content\\\/uploads\\\/2025\\\/10\\\/Arandano_1.jpg\",\"contentUrl\":\"https:\\\/\\\/greatalimentosorganicos.com\\\/p\\\/wp-content\\\/uploads\\\/2025\\\/10\\\/Arandano_1.jpg\",\"width\":1500,\"height\":1500,\"caption\":\"Ar\u00e1ndanos Congelados Ecol\u00f3gicos 2KG: frescos, naturales y llenos de antioxidantes. Perfectos para smoothies, postres o tu d\u00eda a d\u00eda saludable. \ud83c\udf31 Sin az\u00facar, sin conservadores.\"},{\"@type\":\"BreadcrumbList\",\"@id\":\"https:\\\/\\\/greatalimentosorganicos.com\\\/p\\\/product\\\/arandanos-congelados-de-cosecha-ecologica-granel-2kg-bolsa-zip\\\/#breadcrumb\",\"itemListElement\":[{\"@type\":\"ListItem\",\"position\":1,\"name\":\"Productos\",\"item\":\"https:\\\/\\\/greatalimentosorganicos.com\\\/p\\\/shop\\\/\"},{\"@type\":\"ListItem\",\"position\":2,\"name\":\"Ar\u00e1ndanos Congelados de Cosecha Ecol\u00f3gica \u2013 Granel 2KG (Bolsa Zip)\"}]},{\"@type\":\"WebSite\",\"@id\":\"https:\\\/\\\/greatalimentosorganicos.com\\\/p\\\/#website\",\"url\":\"https:\\\/\\\/greatalimentosorganicos.com\\\/p\\\/\",\"name\":\"GREAT\",\"description\":\"Alimentos Org\u00e1nicos\",\"publisher\":{\"@id\":\"https:\\\/\\\/greatalimentosorganicos.com\\\/p\\\/#organization\"},\"potentialAction\":[{\"@type\":\"SearchAction\",\"target\":{\"@type\":\"EntryPoint\",\"urlTemplate\":\"https:\\\/\\\/greatalimentosorganicos.com\\\/p\\\/?s={search_term_string}\"},\"query-input\":{\"@type\":\"PropertyValueSpecification\",\"valueRequired\":true,\"valueName\":\"search_term_string\"}}],\"inLanguage\":\"es\"},{\"@type\":\"Organization\",\"@id\":\"https:\\\/\\\/greatalimentosorganicos.com\\\/p\\\/#organization\",\"name\":\"GREAT\",\"url\":\"https:\\\/\\\/greatalimentosorganicos.com\\\/p\\\/\",\"logo\":{\"@type\":\"ImageObject\",\"inLanguage\":\"es\",\"@id\":\"https:\\\/\\\/greatalimentosorganicos.com\\\/p\\\/#\\\/schema\\\/logo\\\/image\\\/\",\"url\":\"https:\\\/\\\/greatalimentosorganicos.com\\\/p\\\/wp-content\\\/uploads\\\/2023\\\/09\\\/LOGO-2023_GREAT_TXT_gris.png\",\"contentUrl\":\"https:\\\/\\\/greatalimentosorganicos.com\\\/p\\\/wp-content\\\/uploads\\\/2023\\\/09\\\/LOGO-2023_GREAT_TXT_gris.png\",\"width\":800,\"height\":193,\"caption\":\"GREAT\"},\"image\":{\"@id\":\"https:\\\/\\\/greatalimentosorganicos.com\\\/p\\\/#\\\/schema\\\/logo\\\/image\\\/\"}}]}<\/script>\n<!-- \/ Yoast SEO plugin. -->","yoast_head_json":{"title":"Ar\u00e1ndanos Congelados de Cosecha Ecol\u00f3gica \u2013 Granel 2KG (Bolsa Zip) - GREAT","robots":{"index":"index","follow":"follow","max-snippet":"max-snippet:-1","max-image-preview":"max-image-preview:large","max-video-preview":"max-video-preview:-1"},"canonical":"https:\/\/greatalimentosorganicos.com\/p\/product\/arandanos-congelados-de-cosecha-ecologica-granel-2kg-bolsa-zip\/","og_locale":"es_ES","og_type":"article","og_title":"Ar\u00e1ndanos Congelados de Cosecha Ecol\u00f3gica \u2013 Granel 2KG (Bolsa Zip) - GREAT","og_description":"Descubre la pureza y el sabor natural de nuestros ar\u00e1ndanos congelados a granel, cosechados de manera ecol\u00f3gica y sostenible. Conservados mediante un proceso de ultracongelaci\u00f3n r\u00e1pida, mantienen intactas sus vitaminas, antioxidantes y sabor aut\u00e9ntico.Ideales para jugos, smoothies, postres, reposter\u00eda o snacks saludables, vienen en una pr\u00e1ctica bolsa resellable de 2 kg que garantiza frescura y comodidad.Perfectos para familias, negocios de alimentos, cafeter\u00edas o amantes de la vida saludable que buscan ingredientes naturales y sin conservadores.  Escr\u00edbenos","og_url":"https:\/\/greatalimentosorganicos.com\/p\/product\/arandanos-congelados-de-cosecha-ecologica-granel-2kg-bolsa-zip\/","og_site_name":"GREAT","article_modified_time":"2025-10-27T22:55:50+00:00","og_image":[{"width":1500,"height":1500,"url":"https:\/\/greatalimentosorganicos.com\/p\/wp-content\/uploads\/2025\/10\/Arandano_1.jpg","type":"image\/jpeg"}],"twitter_card":"summary_large_image","twitter_misc":{"Tiempo de lectura":"1 minuto"},"schema":{"@context":"https:\/\/schema.org","@graph":[{"@type":"WebPage","@id":"https:\/\/greatalimentosorganicos.com\/p\/product\/arandanos-congelados-de-cosecha-ecologica-granel-2kg-bolsa-zip\/","url":"https:\/\/greatalimentosorganicos.com\/p\/product\/arandanos-congelados-de-cosecha-ecologica-granel-2kg-bolsa-zip\/","name":"Ar\u00e1ndanos Congelados de Cosecha Ecol\u00f3gica \u2013 Granel 2KG (Bolsa Zip) - GREAT","isPartOf":{"@id":"https:\/\/greatalimentosorganicos.com\/p\/#website"},"primaryImageOfPage":{"@id":"https:\/\/greatalimentosorganicos.com\/p\/product\/arandanos-congelados-de-cosecha-ecologica-granel-2kg-bolsa-zip\/#primaryimage"},"image":{"@id":"https:\/\/greatalimentosorganicos.com\/p\/product\/arandanos-congelados-de-cosecha-ecologica-granel-2kg-bolsa-zip\/#primaryimage"},"thumbnailUrl":"https:\/\/greatalimentosorganicos.com\/p\/wp-content\/uploads\/2025\/10\/Arandano_1.jpg","datePublished":"2025-10-27T18:21:02+00:00","dateModified":"2025-10-27T22:55:50+00:00","breadcrumb":{"@id":"https:\/\/greatalimentosorganicos.com\/p\/product\/arandanos-congelados-de-cosecha-ecologica-granel-2kg-bolsa-zip\/#breadcrumb"},"inLanguage":"es","potentialAction":[{"@type":"ReadAction","target":["https:\/\/greatalimentosorganicos.com\/p\/product\/arandanos-congelados-de-cosecha-ecologica-granel-2kg-bolsa-zip\/"]}]},{"@type":"ImageObject","inLanguage":"es","@id":"https:\/\/greatalimentosorganicos.com\/p\/product\/arandanos-congelados-de-cosecha-ecologica-granel-2kg-bolsa-zip\/#primaryimage","url":"https:\/\/greatalimentosorganicos.com\/p\/wp-content\/uploads\/2025\/10\/Arandano_1.jpg","contentUrl":"https:\/\/greatalimentosorganicos.com\/p\/wp-content\/uploads\/2025\/10\/Arandano_1.jpg","width":1500,"height":1500,"caption":"Ar\u00e1ndanos Congelados Ecol\u00f3gicos 2KG: frescos, naturales y llenos de antioxidantes. Perfectos para smoothies, postres o tu d\u00eda a d\u00eda saludable. \ud83c\udf31 Sin az\u00facar, sin conservadores."},{"@type":"BreadcrumbList","@id":"https:\/\/greatalimentosorganicos.com\/p\/product\/arandanos-congelados-de-cosecha-ecologica-granel-2kg-bolsa-zip\/#breadcrumb","itemListElement":[{"@type":"ListItem","position":1,"name":"Productos","item":"https:\/\/greatalimentosorganicos.com\/p\/shop\/"},{"@type":"ListItem","position":2,"name":"Ar\u00e1ndanos Congelados de Cosecha Ecol\u00f3gica \u2013 Granel 2KG (Bolsa Zip)"}]},{"@type":"WebSite","@id":"https:\/\/greatalimentosorganicos.com\/p\/#website","url":"https:\/\/greatalimentosorganicos.com\/p\/","name":"GREAT","description":"Alimentos Org\u00e1nicos","publisher":{"@id":"https:\/\/greatalimentosorganicos.com\/p\/#organization"},"potentialAction":[{"@type":"SearchAction","target":{"@type":"EntryPoint","urlTemplate":"https:\/\/greatalimentosorganicos.com\/p\/?s={search_term_string}"},"query-input":{"@type":"PropertyValueSpecification","valueRequired":true,"valueName":"search_term_string"}}],"inLanguage":"es"},{"@type":"Organization","@id":"https:\/\/greatalimentosorganicos.com\/p\/#organization","name":"GREAT","url":"https:\/\/greatalimentosorganicos.com\/p\/","logo":{"@type":"ImageObject","inLanguage":"es","@id":"https:\/\/greatalimentosorganicos.com\/p\/#\/schema\/logo\/image\/","url":"https:\/\/greatalimentosorganicos.com\/p\/wp-content\/uploads\/2023\/09\/LOGO-2023_GREAT_TXT_gris.png","contentUrl":"https:\/\/greatalimentosorganicos.com\/p\/wp-content\/uploads\/2023\/09\/LOGO-2023_GREAT_TXT_gris.png","width":800,"height":193,"caption":"GREAT"},"image":{"@id":"https:\/\/greatalimentosorganicos.com\/p\/#\/schema\/logo\/image\/"}}]}},"_links":{"self":[{"href":"https:\/\/greatalimentosorganicos.com\/p\/wp-json\/wp\/v2\/product\/1813","targetHints":{"allow":["GET"]}}],"collection":[{"href":"https:\/\/greatalimentosorganicos.com\/p\/wp-json\/wp\/v2\/product"}],"about":[{"href":"https:\/\/greatalimentosorganicos.com\/p\/wp-json\/wp\/v2\/types\/product"}],"replies":[{"embeddable":true,"href":"https:\/\/greatalimentosorganicos.com\/p\/wp-json\/wp\/v2\/comments?post=1813"}],"wp:featuredmedia":[{"embeddable":true,"href":"https:\/\/greatalimentosorganicos.com\/p\/wp-json\/wp\/v2\/media\/1816"}],"wp:attachment":[{"href":"https:\/\/greatalimentosorganicos.com\/p\/wp-json\/wp\/v2\/media?parent=1813"}],"wp:term":[{"taxonomy":"product_brand","embeddable":true,"href":"https:\/\/greatalimentosorganicos.com\/p\/wp-json\/wp\/v2\/product_brand?post=1813"},{"taxonomy":"product_cat","embeddable":true,"href":"https:\/\/greatalimentosorganicos.com\/p\/wp-json\/wp\/v2\/product_cat?post=1813"},{"taxonomy":"product_tag","embeddable":true,"href":"https:\/\/greatalimentosorganicos.com\/p\/wp-json\/wp\/v2\/product_tag?post=1813"}],"curies":[{"name":"wp","href":"https:\/\/api.w.org\/{rel}","templated":true}]}}