{"id":1794,"date":"2025-01-29T17:36:10","date_gmt":"2025-01-29T17:36:10","guid":{"rendered":"https:\/\/greatalimentosorganicos.com\/p\/?post_type=product&#038;p=1794"},"modified":"2025-10-27T22:58:26","modified_gmt":"2025-10-27T22:58:26","slug":"polvo-de-haba-organica-saco-de-24kg","status":"publish","type":"product","link":"https:\/\/greatalimentosorganicos.com\/p\/product\/polvo-de-haba-organica-saco-de-24kg\/","title":{"rendered":"Polvo de Haba Org\u00e1nica &#8211; Saco de 24kg"},"content":{"rendered":"<p>Polvo de Haba Org\u00e1nica a granel (24kg), una excelente fuente de prote\u00edna vegetal y fibra. Ideal para enriquecer harinas, sopas, salsas y productos horneados. Sin aditivos ni conservantes, 100% natural y nutritivo.<\/p>\n<ul class=\"a-unordered-list a-vertical a-spacing-mini\">\n<li class=\"a-spacing-mini\"><span class=\"a-list-item\">Libre de OGM (Organismos Gen\u00e9ticamente Modificados.)<\/span><\/li>\n<li class=\"a-spacing-mini\"><span class=\"a-list-item\">Libre de conservadores.<\/span><\/li>\n<li class=\"a-spacing-mini\"><span class=\"a-list-item\">Producto mexicano.<\/span><\/li>\n<\/ul>\n","protected":false},"excerpt":{"rendered":"<p>Polvo de Haba Org\u00e1nica en presentaci\u00f3n de 24kg, perfecto para panificaci\u00f3n, bebidas y alimentos saludables. Rico en prote\u00ednas y carbohidratos complejos, mejora la textura y el valor nutricional de tus recetas. \u00a1Nutrici\u00f3n y calidad en cada bocado!<\/p>\n","protected":false},"featured_media":1795,"comment_status":"open","ping_status":"closed","template":"","meta":{"nf_dc_page":"","om_disable_all_campaigns":false},"product_brand":[],"product_cat":[77],"product_tag":[54,79,78,70,66,141],"class_list":{"0":"post-1794","1":"product","2":"type-product","3":"status-publish","4":"has-post-thumbnail","6":"product_cat-harinas","7":"product_tag-flour","8":"product_tag-haba","9":"product_tag-harina","10":"product_tag-organic","11":"product_tag-organica","12":"product_tag-polvo-de-haba","13":"product_shipping_class-north-america","15":"first","16":"instock","17":"shipping-taxable","18":"product-type-simple"},"yoast_head":"<!-- This site is optimized with the Yoast SEO plugin v27.4 - https:\/\/yoast.com\/product\/yoast-seo-wordpress\/ -->\n<title>Polvo de Haba Org\u00e1nica - Saco de 24kg - GREAT<\/title>\n<meta name=\"robots\" content=\"index, follow, max-snippet:-1, max-image-preview:large, max-video-preview:-1\" \/>\n<link rel=\"canonical\" href=\"https:\/\/greatalimentosorganicos.com\/p\/product\/polvo-de-haba-organica-saco-de-24kg\/\" \/>\n<meta property=\"og:locale\" content=\"es_ES\" \/>\n<meta property=\"og:type\" content=\"article\" \/>\n<meta property=\"og:title\" content=\"Polvo de Haba Org\u00e1nica - Saco de 24kg - GREAT\" \/>\n<meta property=\"og:description\" content=\"Polvo de Haba Org\u00e1nica en presentaci\u00f3n de 24kg, perfecto para panificaci\u00f3n, bebidas y alimentos saludables. Rico en prote\u00ednas y carbohidratos complejos, mejora la textura y el valor nutricional de tus recetas. \u00a1Nutrici\u00f3n y calidad en cada bocado!\" \/>\n<meta property=\"og:url\" content=\"https:\/\/greatalimentosorganicos.com\/p\/product\/polvo-de-haba-organica-saco-de-24kg\/\" \/>\n<meta property=\"og:site_name\" content=\"GREAT\" \/>\n<meta property=\"article:modified_time\" content=\"2025-10-27T22:58:26+00:00\" \/>\n<meta property=\"og:image\" content=\"https:\/\/greatalimentosorganicos.com\/p\/wp-content\/uploads\/2025\/01\/Polvo-de-haba.jpg\" \/>\n\t<meta property=\"og:image:width\" content=\"2000\" \/>\n\t<meta property=\"og:image:height\" content=\"2000\" \/>\n\t<meta property=\"og:image:type\" content=\"image\/jpeg\" \/>\n<meta name=\"twitter:card\" content=\"summary_large_image\" \/>\n<meta name=\"twitter:label1\" content=\"Tiempo de lectura\" \/>\n\t<meta name=\"twitter:data1\" content=\"1 minuto\" \/>\n<script type=\"application\/ld+json\" class=\"yoast-schema-graph\">{\"@context\":\"https:\\\/\\\/schema.org\",\"@graph\":[{\"@type\":\"WebPage\",\"@id\":\"https:\\\/\\\/greatalimentosorganicos.com\\\/p\\\/product\\\/polvo-de-haba-organica-saco-de-24kg\\\/\",\"url\":\"https:\\\/\\\/greatalimentosorganicos.com\\\/p\\\/product\\\/polvo-de-haba-organica-saco-de-24kg\\\/\",\"name\":\"Polvo de Haba Org\u00e1nica - Saco de 24kg - GREAT\",\"isPartOf\":{\"@id\":\"https:\\\/\\\/greatalimentosorganicos.com\\\/p\\\/#website\"},\"primaryImageOfPage\":{\"@id\":\"https:\\\/\\\/greatalimentosorganicos.com\\\/p\\\/product\\\/polvo-de-haba-organica-saco-de-24kg\\\/#primaryimage\"},\"image\":{\"@id\":\"https:\\\/\\\/greatalimentosorganicos.com\\\/p\\\/product\\\/polvo-de-haba-organica-saco-de-24kg\\\/#primaryimage\"},\"thumbnailUrl\":\"https:\\\/\\\/greatalimentosorganicos.com\\\/p\\\/wp-content\\\/uploads\\\/2025\\\/01\\\/Polvo-de-haba.jpg\",\"datePublished\":\"2025-01-29T17:36:10+00:00\",\"dateModified\":\"2025-10-27T22:58:26+00:00\",\"breadcrumb\":{\"@id\":\"https:\\\/\\\/greatalimentosorganicos.com\\\/p\\\/product\\\/polvo-de-haba-organica-saco-de-24kg\\\/#breadcrumb\"},\"inLanguage\":\"es\",\"potentialAction\":[{\"@type\":\"ReadAction\",\"target\":[\"https:\\\/\\\/greatalimentosorganicos.com\\\/p\\\/product\\\/polvo-de-haba-organica-saco-de-24kg\\\/\"]}]},{\"@type\":\"ImageObject\",\"inLanguage\":\"es\",\"@id\":\"https:\\\/\\\/greatalimentosorganicos.com\\\/p\\\/product\\\/polvo-de-haba-organica-saco-de-24kg\\\/#primaryimage\",\"url\":\"https:\\\/\\\/greatalimentosorganicos.com\\\/p\\\/wp-content\\\/uploads\\\/2025\\\/01\\\/Polvo-de-haba.jpg\",\"contentUrl\":\"https:\\\/\\\/greatalimentosorganicos.com\\\/p\\\/wp-content\\\/uploads\\\/2025\\\/01\\\/Polvo-de-haba.jpg\",\"width\":2000,\"height\":2000},{\"@type\":\"BreadcrumbList\",\"@id\":\"https:\\\/\\\/greatalimentosorganicos.com\\\/p\\\/product\\\/polvo-de-haba-organica-saco-de-24kg\\\/#breadcrumb\",\"itemListElement\":[{\"@type\":\"ListItem\",\"position\":1,\"name\":\"Productos\",\"item\":\"https:\\\/\\\/greatalimentosorganicos.com\\\/p\\\/shop\\\/\"},{\"@type\":\"ListItem\",\"position\":2,\"name\":\"Polvo de Haba Org\u00e1nica &#8211; Saco de 24kg\"}]},{\"@type\":\"WebSite\",\"@id\":\"https:\\\/\\\/greatalimentosorganicos.com\\\/p\\\/#website\",\"url\":\"https:\\\/\\\/greatalimentosorganicos.com\\\/p\\\/\",\"name\":\"GREAT\",\"description\":\"Alimentos Org\u00e1nicos\",\"publisher\":{\"@id\":\"https:\\\/\\\/greatalimentosorganicos.com\\\/p\\\/#organization\"},\"potentialAction\":[{\"@type\":\"SearchAction\",\"target\":{\"@type\":\"EntryPoint\",\"urlTemplate\":\"https:\\\/\\\/greatalimentosorganicos.com\\\/p\\\/?s={search_term_string}\"},\"query-input\":{\"@type\":\"PropertyValueSpecification\",\"valueRequired\":true,\"valueName\":\"search_term_string\"}}],\"inLanguage\":\"es\"},{\"@type\":\"Organization\",\"@id\":\"https:\\\/\\\/greatalimentosorganicos.com\\\/p\\\/#organization\",\"name\":\"GREAT\",\"url\":\"https:\\\/\\\/greatalimentosorganicos.com\\\/p\\\/\",\"logo\":{\"@type\":\"ImageObject\",\"inLanguage\":\"es\",\"@id\":\"https:\\\/\\\/greatalimentosorganicos.com\\\/p\\\/#\\\/schema\\\/logo\\\/image\\\/\",\"url\":\"https:\\\/\\\/greatalimentosorganicos.com\\\/p\\\/wp-content\\\/uploads\\\/2023\\\/09\\\/LOGO-2023_GREAT_TXT_gris.png\",\"contentUrl\":\"https:\\\/\\\/greatalimentosorganicos.com\\\/p\\\/wp-content\\\/uploads\\\/2023\\\/09\\\/LOGO-2023_GREAT_TXT_gris.png\",\"width\":800,\"height\":193,\"caption\":\"GREAT\"},\"image\":{\"@id\":\"https:\\\/\\\/greatalimentosorganicos.com\\\/p\\\/#\\\/schema\\\/logo\\\/image\\\/\"}}]}<\/script>\n<!-- \/ Yoast SEO plugin. -->","yoast_head_json":{"title":"Polvo de Haba Org\u00e1nica - Saco de 24kg - GREAT","robots":{"index":"index","follow":"follow","max-snippet":"max-snippet:-1","max-image-preview":"max-image-preview:large","max-video-preview":"max-video-preview:-1"},"canonical":"https:\/\/greatalimentosorganicos.com\/p\/product\/polvo-de-haba-organica-saco-de-24kg\/","og_locale":"es_ES","og_type":"article","og_title":"Polvo de Haba Org\u00e1nica - Saco de 24kg - GREAT","og_description":"Polvo de Haba Org\u00e1nica en presentaci\u00f3n de 24kg, perfecto para panificaci\u00f3n, bebidas y alimentos saludables. Rico en prote\u00ednas y carbohidratos complejos, mejora la textura y el valor nutricional de tus recetas. \u00a1Nutrici\u00f3n y calidad en cada bocado!","og_url":"https:\/\/greatalimentosorganicos.com\/p\/product\/polvo-de-haba-organica-saco-de-24kg\/","og_site_name":"GREAT","article_modified_time":"2025-10-27T22:58:26+00:00","og_image":[{"width":2000,"height":2000,"url":"https:\/\/greatalimentosorganicos.com\/p\/wp-content\/uploads\/2025\/01\/Polvo-de-haba.jpg","type":"image\/jpeg"}],"twitter_card":"summary_large_image","twitter_misc":{"Tiempo de lectura":"1 minuto"},"schema":{"@context":"https:\/\/schema.org","@graph":[{"@type":"WebPage","@id":"https:\/\/greatalimentosorganicos.com\/p\/product\/polvo-de-haba-organica-saco-de-24kg\/","url":"https:\/\/greatalimentosorganicos.com\/p\/product\/polvo-de-haba-organica-saco-de-24kg\/","name":"Polvo de Haba Org\u00e1nica - Saco de 24kg - GREAT","isPartOf":{"@id":"https:\/\/greatalimentosorganicos.com\/p\/#website"},"primaryImageOfPage":{"@id":"https:\/\/greatalimentosorganicos.com\/p\/product\/polvo-de-haba-organica-saco-de-24kg\/#primaryimage"},"image":{"@id":"https:\/\/greatalimentosorganicos.com\/p\/product\/polvo-de-haba-organica-saco-de-24kg\/#primaryimage"},"thumbnailUrl":"https:\/\/greatalimentosorganicos.com\/p\/wp-content\/uploads\/2025\/01\/Polvo-de-haba.jpg","datePublished":"2025-01-29T17:36:10+00:00","dateModified":"2025-10-27T22:58:26+00:00","breadcrumb":{"@id":"https:\/\/greatalimentosorganicos.com\/p\/product\/polvo-de-haba-organica-saco-de-24kg\/#breadcrumb"},"inLanguage":"es","potentialAction":[{"@type":"ReadAction","target":["https:\/\/greatalimentosorganicos.com\/p\/product\/polvo-de-haba-organica-saco-de-24kg\/"]}]},{"@type":"ImageObject","inLanguage":"es","@id":"https:\/\/greatalimentosorganicos.com\/p\/product\/polvo-de-haba-organica-saco-de-24kg\/#primaryimage","url":"https:\/\/greatalimentosorganicos.com\/p\/wp-content\/uploads\/2025\/01\/Polvo-de-haba.jpg","contentUrl":"https:\/\/greatalimentosorganicos.com\/p\/wp-content\/uploads\/2025\/01\/Polvo-de-haba.jpg","width":2000,"height":2000},{"@type":"BreadcrumbList","@id":"https:\/\/greatalimentosorganicos.com\/p\/product\/polvo-de-haba-organica-saco-de-24kg\/#breadcrumb","itemListElement":[{"@type":"ListItem","position":1,"name":"Productos","item":"https:\/\/greatalimentosorganicos.com\/p\/shop\/"},{"@type":"ListItem","position":2,"name":"Polvo de Haba Org\u00e1nica &#8211; Saco de 24kg"}]},{"@type":"WebSite","@id":"https:\/\/greatalimentosorganicos.com\/p\/#website","url":"https:\/\/greatalimentosorganicos.com\/p\/","name":"GREAT","description":"Alimentos Org\u00e1nicos","publisher":{"@id":"https:\/\/greatalimentosorganicos.com\/p\/#organization"},"potentialAction":[{"@type":"SearchAction","target":{"@type":"EntryPoint","urlTemplate":"https:\/\/greatalimentosorganicos.com\/p\/?s={search_term_string}"},"query-input":{"@type":"PropertyValueSpecification","valueRequired":true,"valueName":"search_term_string"}}],"inLanguage":"es"},{"@type":"Organization","@id":"https:\/\/greatalimentosorganicos.com\/p\/#organization","name":"GREAT","url":"https:\/\/greatalimentosorganicos.com\/p\/","logo":{"@type":"ImageObject","inLanguage":"es","@id":"https:\/\/greatalimentosorganicos.com\/p\/#\/schema\/logo\/image\/","url":"https:\/\/greatalimentosorganicos.com\/p\/wp-content\/uploads\/2023\/09\/LOGO-2023_GREAT_TXT_gris.png","contentUrl":"https:\/\/greatalimentosorganicos.com\/p\/wp-content\/uploads\/2023\/09\/LOGO-2023_GREAT_TXT_gris.png","width":800,"height":193,"caption":"GREAT"},"image":{"@id":"https:\/\/greatalimentosorganicos.com\/p\/#\/schema\/logo\/image\/"}}]}},"_links":{"self":[{"href":"https:\/\/greatalimentosorganicos.com\/p\/wp-json\/wp\/v2\/product\/1794","targetHints":{"allow":["GET"]}}],"collection":[{"href":"https:\/\/greatalimentosorganicos.com\/p\/wp-json\/wp\/v2\/product"}],"about":[{"href":"https:\/\/greatalimentosorganicos.com\/p\/wp-json\/wp\/v2\/types\/product"}],"replies":[{"embeddable":true,"href":"https:\/\/greatalimentosorganicos.com\/p\/wp-json\/wp\/v2\/comments?post=1794"}],"wp:featuredmedia":[{"embeddable":true,"href":"https:\/\/greatalimentosorganicos.com\/p\/wp-json\/wp\/v2\/media\/1795"}],"wp:attachment":[{"href":"https:\/\/greatalimentosorganicos.com\/p\/wp-json\/wp\/v2\/media?parent=1794"}],"wp:term":[{"taxonomy":"product_brand","embeddable":true,"href":"https:\/\/greatalimentosorganicos.com\/p\/wp-json\/wp\/v2\/product_brand?post=1794"},{"taxonomy":"product_cat","embeddable":true,"href":"https:\/\/greatalimentosorganicos.com\/p\/wp-json\/wp\/v2\/product_cat?post=1794"},{"taxonomy":"product_tag","embeddable":true,"href":"https:\/\/greatalimentosorganicos.com\/p\/wp-json\/wp\/v2\/product_tag?post=1794"}],"curies":[{"name":"wp","href":"https:\/\/api.w.org\/{rel}","templated":true}]}}