{"id":1673,"date":"2023-10-19T18:33:12","date_gmt":"2023-10-19T18:33:12","guid":{"rendered":"https:\/\/greatalimentosorganicos.com\/p\/?post_type=product&#038;p=1673"},"modified":"2025-10-27T23:07:51","modified_gmt":"2025-10-27T23:07:51","slug":"avena-entera-organica-saco-24kg","status":"publish","type":"product","link":"https:\/\/greatalimentosorganicos.com\/p\/product\/avena-entera-organica-saco-24kg\/","title":{"rendered":"Avena Entera Org\u00e1nica &#8211; Saco De 24 Kg"},"content":{"rendered":"<p>Avena en Grano Org\u00e1nica a granel (24kg), ideal para la industria alimentaria y negocios que buscan ingredientes naturales y nutritivos. Rica en fibra, prote\u00ednas y antioxidantes, perfecta para moliendas, harinas, cereales y bebidas saludables.<\/p>\n<ul class=\"a-unordered-list a-vertical a-spacing-mini\">\n<li class=\"a-spacing-mini\"><span class=\"a-list-item\">Libre de OGM (Organismos Gen\u00e9ticamente Modificados.)<\/span><\/li>\n<li class=\"a-spacing-mini\"><span class=\"a-list-item\">Libre de conservadores.<\/span><\/li>\n<li class=\"a-spacing-mini\"><span class=\"a-list-item\">Producto mexicano.<\/span><\/li>\n<\/ul>\n","protected":false},"excerpt":{"rendered":"<p>Nuestra Avena Entera Org\u00e1nica es un superalimento vers\u00e1til. Cultivada de manera ecol\u00f3gica en M\u00e9xico, esta avena en su forma m\u00e1s pura es perfecta para un desayuno nutritivo y recetas saludables.<\/p>\n","protected":false},"featured_media":1690,"comment_status":"open","ping_status":"closed","template":"","meta":{"nf_dc_page":"","om_disable_all_campaigns":false},"product_brand":[],"product_cat":[136],"product_tag":[84,134,85,70,66,133],"class_list":{"0":"post-1673","1":"product","2":"type-product","3":"status-publish","4":"has-post-thumbnail","6":"product_cat-semillas-para-siembra","7":"product_tag-avena","8":"product_tag-entera","9":"product_tag-oatmeal","10":"product_tag-organic","11":"product_tag-organica","12":"product_tag-whole","13":"product_shipping_class-north-america","15":"first","16":"instock","17":"shipping-taxable","18":"product-type-simple"},"yoast_head":"<!-- This site is optimized with the Yoast SEO plugin v27.4 - https:\/\/yoast.com\/product\/yoast-seo-wordpress\/ -->\n<title>Avena Entera Org\u00e1nica - Saco De 24 Kg - GREAT<\/title>\n<meta name=\"robots\" content=\"index, follow, max-snippet:-1, max-image-preview:large, max-video-preview:-1\" \/>\n<link rel=\"canonical\" href=\"https:\/\/greatalimentosorganicos.com\/p\/product\/avena-entera-organica-saco-24kg\/\" \/>\n<meta property=\"og:locale\" content=\"es_ES\" \/>\n<meta property=\"og:type\" content=\"article\" \/>\n<meta property=\"og:title\" content=\"Avena Entera Org\u00e1nica - Saco De 24 Kg - GREAT\" \/>\n<meta property=\"og:description\" content=\"Nuestra Avena Entera Org\u00e1nica es un superalimento vers\u00e1til. Cultivada de manera ecol\u00f3gica en M\u00e9xico, esta avena en su forma m\u00e1s pura es perfecta para un desayuno nutritivo y recetas saludables.\" \/>\n<meta property=\"og:url\" content=\"https:\/\/greatalimentosorganicos.com\/p\/product\/avena-entera-organica-saco-24kg\/\" \/>\n<meta property=\"og:site_name\" content=\"GREAT\" \/>\n<meta property=\"article:modified_time\" content=\"2025-10-27T23:07:51+00:00\" \/>\n<meta property=\"og:image\" content=\"https:\/\/greatalimentosorganicos.com\/p\/wp-content\/uploads\/2023\/10\/Semilla-de-Avena-SiembraGreat_Mesa-de-trabajo-1.jpg\" \/>\n\t<meta property=\"og:image:width\" content=\"800\" \/>\n\t<meta property=\"og:image:height\" content=\"800\" \/>\n\t<meta property=\"og:image:type\" content=\"image\/jpeg\" \/>\n<meta name=\"twitter:card\" content=\"summary_large_image\" \/>\n<meta name=\"twitter:label1\" content=\"Tiempo de lectura\" \/>\n\t<meta name=\"twitter:data1\" content=\"1 minuto\" \/>\n<script type=\"application\/ld+json\" class=\"yoast-schema-graph\">{\"@context\":\"https:\\\/\\\/schema.org\",\"@graph\":[{\"@type\":\"WebPage\",\"@id\":\"https:\\\/\\\/greatalimentosorganicos.com\\\/p\\\/product\\\/avena-entera-organica-saco-24kg\\\/\",\"url\":\"https:\\\/\\\/greatalimentosorganicos.com\\\/p\\\/product\\\/avena-entera-organica-saco-24kg\\\/\",\"name\":\"Avena Entera Org\u00e1nica - Saco De 24 Kg - GREAT\",\"isPartOf\":{\"@id\":\"https:\\\/\\\/greatalimentosorganicos.com\\\/p\\\/#website\"},\"primaryImageOfPage\":{\"@id\":\"https:\\\/\\\/greatalimentosorganicos.com\\\/p\\\/product\\\/avena-entera-organica-saco-24kg\\\/#primaryimage\"},\"image\":{\"@id\":\"https:\\\/\\\/greatalimentosorganicos.com\\\/p\\\/product\\\/avena-entera-organica-saco-24kg\\\/#primaryimage\"},\"thumbnailUrl\":\"https:\\\/\\\/greatalimentosorganicos.com\\\/p\\\/wp-content\\\/uploads\\\/2023\\\/10\\\/Semilla-de-Avena-SiembraGreat_Mesa-de-trabajo-1.jpg\",\"datePublished\":\"2023-10-19T18:33:12+00:00\",\"dateModified\":\"2025-10-27T23:07:51+00:00\",\"breadcrumb\":{\"@id\":\"https:\\\/\\\/greatalimentosorganicos.com\\\/p\\\/product\\\/avena-entera-organica-saco-24kg\\\/#breadcrumb\"},\"inLanguage\":\"es\",\"potentialAction\":[{\"@type\":\"ReadAction\",\"target\":[\"https:\\\/\\\/greatalimentosorganicos.com\\\/p\\\/product\\\/avena-entera-organica-saco-24kg\\\/\"]}]},{\"@type\":\"ImageObject\",\"inLanguage\":\"es\",\"@id\":\"https:\\\/\\\/greatalimentosorganicos.com\\\/p\\\/product\\\/avena-entera-organica-saco-24kg\\\/#primaryimage\",\"url\":\"https:\\\/\\\/greatalimentosorganicos.com\\\/p\\\/wp-content\\\/uploads\\\/2023\\\/10\\\/Semilla-de-Avena-SiembraGreat_Mesa-de-trabajo-1.jpg\",\"contentUrl\":\"https:\\\/\\\/greatalimentosorganicos.com\\\/p\\\/wp-content\\\/uploads\\\/2023\\\/10\\\/Semilla-de-Avena-SiembraGreat_Mesa-de-trabajo-1.jpg\",\"width\":800,\"height\":800},{\"@type\":\"BreadcrumbList\",\"@id\":\"https:\\\/\\\/greatalimentosorganicos.com\\\/p\\\/product\\\/avena-entera-organica-saco-24kg\\\/#breadcrumb\",\"itemListElement\":[{\"@type\":\"ListItem\",\"position\":1,\"name\":\"Productos\",\"item\":\"https:\\\/\\\/greatalimentosorganicos.com\\\/p\\\/shop\\\/\"},{\"@type\":\"ListItem\",\"position\":2,\"name\":\"Avena Entera Org\u00e1nica &#8211; Saco De 24 Kg\"}]},{\"@type\":\"WebSite\",\"@id\":\"https:\\\/\\\/greatalimentosorganicos.com\\\/p\\\/#website\",\"url\":\"https:\\\/\\\/greatalimentosorganicos.com\\\/p\\\/\",\"name\":\"GREAT\",\"description\":\"Alimentos Org\u00e1nicos\",\"publisher\":{\"@id\":\"https:\\\/\\\/greatalimentosorganicos.com\\\/p\\\/#organization\"},\"potentialAction\":[{\"@type\":\"SearchAction\",\"target\":{\"@type\":\"EntryPoint\",\"urlTemplate\":\"https:\\\/\\\/greatalimentosorganicos.com\\\/p\\\/?s={search_term_string}\"},\"query-input\":{\"@type\":\"PropertyValueSpecification\",\"valueRequired\":true,\"valueName\":\"search_term_string\"}}],\"inLanguage\":\"es\"},{\"@type\":\"Organization\",\"@id\":\"https:\\\/\\\/greatalimentosorganicos.com\\\/p\\\/#organization\",\"name\":\"GREAT\",\"url\":\"https:\\\/\\\/greatalimentosorganicos.com\\\/p\\\/\",\"logo\":{\"@type\":\"ImageObject\",\"inLanguage\":\"es\",\"@id\":\"https:\\\/\\\/greatalimentosorganicos.com\\\/p\\\/#\\\/schema\\\/logo\\\/image\\\/\",\"url\":\"https:\\\/\\\/greatalimentosorganicos.com\\\/p\\\/wp-content\\\/uploads\\\/2023\\\/09\\\/LOGO-2023_GREAT_TXT_gris.png\",\"contentUrl\":\"https:\\\/\\\/greatalimentosorganicos.com\\\/p\\\/wp-content\\\/uploads\\\/2023\\\/09\\\/LOGO-2023_GREAT_TXT_gris.png\",\"width\":800,\"height\":193,\"caption\":\"GREAT\"},\"image\":{\"@id\":\"https:\\\/\\\/greatalimentosorganicos.com\\\/p\\\/#\\\/schema\\\/logo\\\/image\\\/\"}}]}<\/script>\n<!-- \/ Yoast SEO plugin. -->","yoast_head_json":{"title":"Avena Entera Org\u00e1nica - Saco De 24 Kg - GREAT","robots":{"index":"index","follow":"follow","max-snippet":"max-snippet:-1","max-image-preview":"max-image-preview:large","max-video-preview":"max-video-preview:-1"},"canonical":"https:\/\/greatalimentosorganicos.com\/p\/product\/avena-entera-organica-saco-24kg\/","og_locale":"es_ES","og_type":"article","og_title":"Avena Entera Org\u00e1nica - Saco De 24 Kg - GREAT","og_description":"Nuestra Avena Entera Org\u00e1nica es un superalimento vers\u00e1til. Cultivada de manera ecol\u00f3gica en M\u00e9xico, esta avena en su forma m\u00e1s pura es perfecta para un desayuno nutritivo y recetas saludables.","og_url":"https:\/\/greatalimentosorganicos.com\/p\/product\/avena-entera-organica-saco-24kg\/","og_site_name":"GREAT","article_modified_time":"2025-10-27T23:07:51+00:00","og_image":[{"width":800,"height":800,"url":"https:\/\/greatalimentosorganicos.com\/p\/wp-content\/uploads\/2023\/10\/Semilla-de-Avena-SiembraGreat_Mesa-de-trabajo-1.jpg","type":"image\/jpeg"}],"twitter_card":"summary_large_image","twitter_misc":{"Tiempo de lectura":"1 minuto"},"schema":{"@context":"https:\/\/schema.org","@graph":[{"@type":"WebPage","@id":"https:\/\/greatalimentosorganicos.com\/p\/product\/avena-entera-organica-saco-24kg\/","url":"https:\/\/greatalimentosorganicos.com\/p\/product\/avena-entera-organica-saco-24kg\/","name":"Avena Entera Org\u00e1nica - Saco De 24 Kg - GREAT","isPartOf":{"@id":"https:\/\/greatalimentosorganicos.com\/p\/#website"},"primaryImageOfPage":{"@id":"https:\/\/greatalimentosorganicos.com\/p\/product\/avena-entera-organica-saco-24kg\/#primaryimage"},"image":{"@id":"https:\/\/greatalimentosorganicos.com\/p\/product\/avena-entera-organica-saco-24kg\/#primaryimage"},"thumbnailUrl":"https:\/\/greatalimentosorganicos.com\/p\/wp-content\/uploads\/2023\/10\/Semilla-de-Avena-SiembraGreat_Mesa-de-trabajo-1.jpg","datePublished":"2023-10-19T18:33:12+00:00","dateModified":"2025-10-27T23:07:51+00:00","breadcrumb":{"@id":"https:\/\/greatalimentosorganicos.com\/p\/product\/avena-entera-organica-saco-24kg\/#breadcrumb"},"inLanguage":"es","potentialAction":[{"@type":"ReadAction","target":["https:\/\/greatalimentosorganicos.com\/p\/product\/avena-entera-organica-saco-24kg\/"]}]},{"@type":"ImageObject","inLanguage":"es","@id":"https:\/\/greatalimentosorganicos.com\/p\/product\/avena-entera-organica-saco-24kg\/#primaryimage","url":"https:\/\/greatalimentosorganicos.com\/p\/wp-content\/uploads\/2023\/10\/Semilla-de-Avena-SiembraGreat_Mesa-de-trabajo-1.jpg","contentUrl":"https:\/\/greatalimentosorganicos.com\/p\/wp-content\/uploads\/2023\/10\/Semilla-de-Avena-SiembraGreat_Mesa-de-trabajo-1.jpg","width":800,"height":800},{"@type":"BreadcrumbList","@id":"https:\/\/greatalimentosorganicos.com\/p\/product\/avena-entera-organica-saco-24kg\/#breadcrumb","itemListElement":[{"@type":"ListItem","position":1,"name":"Productos","item":"https:\/\/greatalimentosorganicos.com\/p\/shop\/"},{"@type":"ListItem","position":2,"name":"Avena Entera Org\u00e1nica &#8211; Saco De 24 Kg"}]},{"@type":"WebSite","@id":"https:\/\/greatalimentosorganicos.com\/p\/#website","url":"https:\/\/greatalimentosorganicos.com\/p\/","name":"GREAT","description":"Alimentos Org\u00e1nicos","publisher":{"@id":"https:\/\/greatalimentosorganicos.com\/p\/#organization"},"potentialAction":[{"@type":"SearchAction","target":{"@type":"EntryPoint","urlTemplate":"https:\/\/greatalimentosorganicos.com\/p\/?s={search_term_string}"},"query-input":{"@type":"PropertyValueSpecification","valueRequired":true,"valueName":"search_term_string"}}],"inLanguage":"es"},{"@type":"Organization","@id":"https:\/\/greatalimentosorganicos.com\/p\/#organization","name":"GREAT","url":"https:\/\/greatalimentosorganicos.com\/p\/","logo":{"@type":"ImageObject","inLanguage":"es","@id":"https:\/\/greatalimentosorganicos.com\/p\/#\/schema\/logo\/image\/","url":"https:\/\/greatalimentosorganicos.com\/p\/wp-content\/uploads\/2023\/09\/LOGO-2023_GREAT_TXT_gris.png","contentUrl":"https:\/\/greatalimentosorganicos.com\/p\/wp-content\/uploads\/2023\/09\/LOGO-2023_GREAT_TXT_gris.png","width":800,"height":193,"caption":"GREAT"},"image":{"@id":"https:\/\/greatalimentosorganicos.com\/p\/#\/schema\/logo\/image\/"}}]}},"_links":{"self":[{"href":"https:\/\/greatalimentosorganicos.com\/p\/wp-json\/wp\/v2\/product\/1673","targetHints":{"allow":["GET"]}}],"collection":[{"href":"https:\/\/greatalimentosorganicos.com\/p\/wp-json\/wp\/v2\/product"}],"about":[{"href":"https:\/\/greatalimentosorganicos.com\/p\/wp-json\/wp\/v2\/types\/product"}],"replies":[{"embeddable":true,"href":"https:\/\/greatalimentosorganicos.com\/p\/wp-json\/wp\/v2\/comments?post=1673"}],"wp:featuredmedia":[{"embeddable":true,"href":"https:\/\/greatalimentosorganicos.com\/p\/wp-json\/wp\/v2\/media\/1690"}],"wp:attachment":[{"href":"https:\/\/greatalimentosorganicos.com\/p\/wp-json\/wp\/v2\/media?parent=1673"}],"wp:term":[{"taxonomy":"product_brand","embeddable":true,"href":"https:\/\/greatalimentosorganicos.com\/p\/wp-json\/wp\/v2\/product_brand?post=1673"},{"taxonomy":"product_cat","embeddable":true,"href":"https:\/\/greatalimentosorganicos.com\/p\/wp-json\/wp\/v2\/product_cat?post=1673"},{"taxonomy":"product_tag","embeddable":true,"href":"https:\/\/greatalimentosorganicos.com\/p\/wp-json\/wp\/v2\/product_tag?post=1673"}],"curies":[{"name":"wp","href":"https:\/\/api.w.org\/{rel}","templated":true}]}}