{"id":1669,"date":"2023-10-17T21:59:13","date_gmt":"2023-10-17T21:59:13","guid":{"rendered":"https:\/\/greatalimentosorganicos.com\/p\/?post_type=product&#038;p=1669"},"modified":"2025-10-27T23:12:24","modified_gmt":"2025-10-27T23:12:24","slug":"maiz-blanco-amarillo-organico-semilla-para-siembra","status":"publish","type":"product","link":"https:\/\/greatalimentosorganicos.com\/p\/product\/maiz-blanco-amarillo-organico-semilla-para-siembra\/","title":{"rendered":"Ma\u00edz Blanco o Amarillo &#8211; Saco De 24 Kg"},"content":{"rendered":"<p>Viaja al coraz\u00f3n de M\u00e9xico con nuestro Ma\u00edz Blanco o Amarillo Org\u00e1nico en Grano. Producido de manera sostenible, este ma\u00edz es la piedra angular de la cocina tradicional mexicana. Cada grano representa la frescura y la calidad de los cultivos org\u00e1nicos mexicanos. Util\u00edzalo para preparar tortillas, tamales, pozole y otros platillos aut\u00e9nticos que te transportar\u00e1n a los sabores de M\u00e9xico. Nuestra producci\u00f3n 100% mexicana refleja nuestro compromiso con la calidad y la sostenibilidad. Experimenta la satisfacci\u00f3n de trabajar con ingredientes excepcionales en cada bocado.<\/p>\n<ul class=\"a-unordered-list a-vertical a-spacing-mini\">\n<li class=\"a-spacing-mini\"><span class=\"a-list-item\">Libre de OGM (Organismos Gen\u00e9ticamente Modificados.)<\/span><\/li>\n<li class=\"a-spacing-mini\"><span class=\"a-list-item\">Libre de conservadores.<\/span><\/li>\n<li class=\"a-spacing-mini\"><span class=\"a-list-item\">Producto mexicano.<\/span><\/li>\n<\/ul>\n","protected":false},"excerpt":{"rendered":"<p>Nuestro Ma\u00edz Blanco o Amarillo Org\u00e1nico en Grano es la esencia de la cocina tradicional mexicana. Cultivado de manera ecol\u00f3gica en M\u00e9xico, este ma\u00edz en grano es la base para una variedad de platillos aut\u00e9nticos.<\/p>\n","protected":false},"featured_media":1780,"comment_status":"open","ping_status":"closed","template":"","meta":{"nf_dc_page":"","om_disable_all_campaigns":false},"product_brand":[],"product_cat":[136],"product_tag":[125,126,127,124,70,66,129,128],"class_list":{"0":"post-1669","1":"product","2":"type-product","3":"status-publish","4":"has-post-thumbnail","6":"product_cat-semillas-para-siembra","7":"product_tag-amarillo","8":"product_tag-blanco","9":"product_tag-corn","10":"product_tag-maiz","11":"product_tag-organic","12":"product_tag-organica","13":"product_tag-white","14":"product_tag-yellow","15":"product_shipping_class-north-america","17":"first","18":"instock","19":"shipping-taxable","20":"product-type-simple"},"yoast_head":"<!-- This site is optimized with the Yoast SEO plugin v27.4 - https:\/\/yoast.com\/product\/yoast-seo-wordpress\/ -->\n<title>Ma\u00edz Blanco o Amarillo - Saco De 24 Kg - GREAT<\/title>\n<meta name=\"robots\" content=\"index, follow, max-snippet:-1, max-image-preview:large, max-video-preview:-1\" \/>\n<link rel=\"canonical\" href=\"https:\/\/greatalimentosorganicos.com\/p\/product\/maiz-blanco-amarillo-organico-semilla-para-siembra\/\" \/>\n<meta property=\"og:locale\" content=\"es_ES\" \/>\n<meta property=\"og:type\" content=\"article\" \/>\n<meta property=\"og:title\" content=\"Ma\u00edz Blanco o Amarillo - Saco De 24 Kg - GREAT\" \/>\n<meta property=\"og:description\" content=\"Nuestro Ma\u00edz Blanco o Amarillo Org\u00e1nico en Grano es la esencia de la cocina tradicional mexicana. Cultivado de manera ecol\u00f3gica en M\u00e9xico, este ma\u00edz en grano es la base para una variedad de platillos aut\u00e9nticos.\" \/>\n<meta property=\"og:url\" content=\"https:\/\/greatalimentosorganicos.com\/p\/product\/maiz-blanco-amarillo-organico-semilla-para-siembra\/\" \/>\n<meta property=\"og:site_name\" content=\"GREAT\" \/>\n<meta property=\"article:modified_time\" content=\"2025-10-27T23:12:24+00:00\" \/>\n<meta property=\"og:image\" content=\"https:\/\/greatalimentosorganicos.com\/p\/wp-content\/uploads\/2023\/10\/Maiz_2.jpg\" \/>\n\t<meta property=\"og:image:width\" content=\"2000\" \/>\n\t<meta property=\"og:image:height\" content=\"2000\" \/>\n\t<meta property=\"og:image:type\" content=\"image\/jpeg\" \/>\n<meta name=\"twitter:card\" content=\"summary_large_image\" \/>\n<meta name=\"twitter:label1\" content=\"Tiempo de lectura\" \/>\n\t<meta name=\"twitter:data1\" content=\"1 minuto\" \/>\n<script type=\"application\/ld+json\" class=\"yoast-schema-graph\">{\"@context\":\"https:\\\/\\\/schema.org\",\"@graph\":[{\"@type\":\"WebPage\",\"@id\":\"https:\\\/\\\/greatalimentosorganicos.com\\\/p\\\/product\\\/maiz-blanco-amarillo-organico-semilla-para-siembra\\\/\",\"url\":\"https:\\\/\\\/greatalimentosorganicos.com\\\/p\\\/product\\\/maiz-blanco-amarillo-organico-semilla-para-siembra\\\/\",\"name\":\"Ma\u00edz Blanco o Amarillo - Saco De 24 Kg - GREAT\",\"isPartOf\":{\"@id\":\"https:\\\/\\\/greatalimentosorganicos.com\\\/p\\\/#website\"},\"primaryImageOfPage\":{\"@id\":\"https:\\\/\\\/greatalimentosorganicos.com\\\/p\\\/product\\\/maiz-blanco-amarillo-organico-semilla-para-siembra\\\/#primaryimage\"},\"image\":{\"@id\":\"https:\\\/\\\/greatalimentosorganicos.com\\\/p\\\/product\\\/maiz-blanco-amarillo-organico-semilla-para-siembra\\\/#primaryimage\"},\"thumbnailUrl\":\"https:\\\/\\\/greatalimentosorganicos.com\\\/p\\\/wp-content\\\/uploads\\\/2023\\\/10\\\/Maiz_2.jpg\",\"datePublished\":\"2023-10-17T21:59:13+00:00\",\"dateModified\":\"2025-10-27T23:12:24+00:00\",\"breadcrumb\":{\"@id\":\"https:\\\/\\\/greatalimentosorganicos.com\\\/p\\\/product\\\/maiz-blanco-amarillo-organico-semilla-para-siembra\\\/#breadcrumb\"},\"inLanguage\":\"es\",\"potentialAction\":[{\"@type\":\"ReadAction\",\"target\":[\"https:\\\/\\\/greatalimentosorganicos.com\\\/p\\\/product\\\/maiz-blanco-amarillo-organico-semilla-para-siembra\\\/\"]}]},{\"@type\":\"ImageObject\",\"inLanguage\":\"es\",\"@id\":\"https:\\\/\\\/greatalimentosorganicos.com\\\/p\\\/product\\\/maiz-blanco-amarillo-organico-semilla-para-siembra\\\/#primaryimage\",\"url\":\"https:\\\/\\\/greatalimentosorganicos.com\\\/p\\\/wp-content\\\/uploads\\\/2023\\\/10\\\/Maiz_2.jpg\",\"contentUrl\":\"https:\\\/\\\/greatalimentosorganicos.com\\\/p\\\/wp-content\\\/uploads\\\/2023\\\/10\\\/Maiz_2.jpg\",\"width\":2000,\"height\":2000},{\"@type\":\"BreadcrumbList\",\"@id\":\"https:\\\/\\\/greatalimentosorganicos.com\\\/p\\\/product\\\/maiz-blanco-amarillo-organico-semilla-para-siembra\\\/#breadcrumb\",\"itemListElement\":[{\"@type\":\"ListItem\",\"position\":1,\"name\":\"Productos\",\"item\":\"https:\\\/\\\/greatalimentosorganicos.com\\\/p\\\/shop\\\/\"},{\"@type\":\"ListItem\",\"position\":2,\"name\":\"Ma\u00edz Blanco o Amarillo &#8211; Saco De 24 Kg\"}]},{\"@type\":\"WebSite\",\"@id\":\"https:\\\/\\\/greatalimentosorganicos.com\\\/p\\\/#website\",\"url\":\"https:\\\/\\\/greatalimentosorganicos.com\\\/p\\\/\",\"name\":\"GREAT\",\"description\":\"Alimentos Org\u00e1nicos\",\"publisher\":{\"@id\":\"https:\\\/\\\/greatalimentosorganicos.com\\\/p\\\/#organization\"},\"potentialAction\":[{\"@type\":\"SearchAction\",\"target\":{\"@type\":\"EntryPoint\",\"urlTemplate\":\"https:\\\/\\\/greatalimentosorganicos.com\\\/p\\\/?s={search_term_string}\"},\"query-input\":{\"@type\":\"PropertyValueSpecification\",\"valueRequired\":true,\"valueName\":\"search_term_string\"}}],\"inLanguage\":\"es\"},{\"@type\":\"Organization\",\"@id\":\"https:\\\/\\\/greatalimentosorganicos.com\\\/p\\\/#organization\",\"name\":\"GREAT\",\"url\":\"https:\\\/\\\/greatalimentosorganicos.com\\\/p\\\/\",\"logo\":{\"@type\":\"ImageObject\",\"inLanguage\":\"es\",\"@id\":\"https:\\\/\\\/greatalimentosorganicos.com\\\/p\\\/#\\\/schema\\\/logo\\\/image\\\/\",\"url\":\"https:\\\/\\\/greatalimentosorganicos.com\\\/p\\\/wp-content\\\/uploads\\\/2023\\\/09\\\/LOGO-2023_GREAT_TXT_gris.png\",\"contentUrl\":\"https:\\\/\\\/greatalimentosorganicos.com\\\/p\\\/wp-content\\\/uploads\\\/2023\\\/09\\\/LOGO-2023_GREAT_TXT_gris.png\",\"width\":800,\"height\":193,\"caption\":\"GREAT\"},\"image\":{\"@id\":\"https:\\\/\\\/greatalimentosorganicos.com\\\/p\\\/#\\\/schema\\\/logo\\\/image\\\/\"}}]}<\/script>\n<!-- \/ Yoast SEO plugin. -->","yoast_head_json":{"title":"Ma\u00edz Blanco o Amarillo - Saco De 24 Kg - GREAT","robots":{"index":"index","follow":"follow","max-snippet":"max-snippet:-1","max-image-preview":"max-image-preview:large","max-video-preview":"max-video-preview:-1"},"canonical":"https:\/\/greatalimentosorganicos.com\/p\/product\/maiz-blanco-amarillo-organico-semilla-para-siembra\/","og_locale":"es_ES","og_type":"article","og_title":"Ma\u00edz Blanco o Amarillo - Saco De 24 Kg - GREAT","og_description":"Nuestro Ma\u00edz Blanco o Amarillo Org\u00e1nico en Grano es la esencia de la cocina tradicional mexicana. Cultivado de manera ecol\u00f3gica en M\u00e9xico, este ma\u00edz en grano es la base para una variedad de platillos aut\u00e9nticos.","og_url":"https:\/\/greatalimentosorganicos.com\/p\/product\/maiz-blanco-amarillo-organico-semilla-para-siembra\/","og_site_name":"GREAT","article_modified_time":"2025-10-27T23:12:24+00:00","og_image":[{"width":2000,"height":2000,"url":"https:\/\/greatalimentosorganicos.com\/p\/wp-content\/uploads\/2023\/10\/Maiz_2.jpg","type":"image\/jpeg"}],"twitter_card":"summary_large_image","twitter_misc":{"Tiempo de lectura":"1 minuto"},"schema":{"@context":"https:\/\/schema.org","@graph":[{"@type":"WebPage","@id":"https:\/\/greatalimentosorganicos.com\/p\/product\/maiz-blanco-amarillo-organico-semilla-para-siembra\/","url":"https:\/\/greatalimentosorganicos.com\/p\/product\/maiz-blanco-amarillo-organico-semilla-para-siembra\/","name":"Ma\u00edz Blanco o Amarillo - Saco De 24 Kg - GREAT","isPartOf":{"@id":"https:\/\/greatalimentosorganicos.com\/p\/#website"},"primaryImageOfPage":{"@id":"https:\/\/greatalimentosorganicos.com\/p\/product\/maiz-blanco-amarillo-organico-semilla-para-siembra\/#primaryimage"},"image":{"@id":"https:\/\/greatalimentosorganicos.com\/p\/product\/maiz-blanco-amarillo-organico-semilla-para-siembra\/#primaryimage"},"thumbnailUrl":"https:\/\/greatalimentosorganicos.com\/p\/wp-content\/uploads\/2023\/10\/Maiz_2.jpg","datePublished":"2023-10-17T21:59:13+00:00","dateModified":"2025-10-27T23:12:24+00:00","breadcrumb":{"@id":"https:\/\/greatalimentosorganicos.com\/p\/product\/maiz-blanco-amarillo-organico-semilla-para-siembra\/#breadcrumb"},"inLanguage":"es","potentialAction":[{"@type":"ReadAction","target":["https:\/\/greatalimentosorganicos.com\/p\/product\/maiz-blanco-amarillo-organico-semilla-para-siembra\/"]}]},{"@type":"ImageObject","inLanguage":"es","@id":"https:\/\/greatalimentosorganicos.com\/p\/product\/maiz-blanco-amarillo-organico-semilla-para-siembra\/#primaryimage","url":"https:\/\/greatalimentosorganicos.com\/p\/wp-content\/uploads\/2023\/10\/Maiz_2.jpg","contentUrl":"https:\/\/greatalimentosorganicos.com\/p\/wp-content\/uploads\/2023\/10\/Maiz_2.jpg","width":2000,"height":2000},{"@type":"BreadcrumbList","@id":"https:\/\/greatalimentosorganicos.com\/p\/product\/maiz-blanco-amarillo-organico-semilla-para-siembra\/#breadcrumb","itemListElement":[{"@type":"ListItem","position":1,"name":"Productos","item":"https:\/\/greatalimentosorganicos.com\/p\/shop\/"},{"@type":"ListItem","position":2,"name":"Ma\u00edz Blanco o Amarillo &#8211; Saco De 24 Kg"}]},{"@type":"WebSite","@id":"https:\/\/greatalimentosorganicos.com\/p\/#website","url":"https:\/\/greatalimentosorganicos.com\/p\/","name":"GREAT","description":"Alimentos Org\u00e1nicos","publisher":{"@id":"https:\/\/greatalimentosorganicos.com\/p\/#organization"},"potentialAction":[{"@type":"SearchAction","target":{"@type":"EntryPoint","urlTemplate":"https:\/\/greatalimentosorganicos.com\/p\/?s={search_term_string}"},"query-input":{"@type":"PropertyValueSpecification","valueRequired":true,"valueName":"search_term_string"}}],"inLanguage":"es"},{"@type":"Organization","@id":"https:\/\/greatalimentosorganicos.com\/p\/#organization","name":"GREAT","url":"https:\/\/greatalimentosorganicos.com\/p\/","logo":{"@type":"ImageObject","inLanguage":"es","@id":"https:\/\/greatalimentosorganicos.com\/p\/#\/schema\/logo\/image\/","url":"https:\/\/greatalimentosorganicos.com\/p\/wp-content\/uploads\/2023\/09\/LOGO-2023_GREAT_TXT_gris.png","contentUrl":"https:\/\/greatalimentosorganicos.com\/p\/wp-content\/uploads\/2023\/09\/LOGO-2023_GREAT_TXT_gris.png","width":800,"height":193,"caption":"GREAT"},"image":{"@id":"https:\/\/greatalimentosorganicos.com\/p\/#\/schema\/logo\/image\/"}}]}},"_links":{"self":[{"href":"https:\/\/greatalimentosorganicos.com\/p\/wp-json\/wp\/v2\/product\/1669","targetHints":{"allow":["GET"]}}],"collection":[{"href":"https:\/\/greatalimentosorganicos.com\/p\/wp-json\/wp\/v2\/product"}],"about":[{"href":"https:\/\/greatalimentosorganicos.com\/p\/wp-json\/wp\/v2\/types\/product"}],"replies":[{"embeddable":true,"href":"https:\/\/greatalimentosorganicos.com\/p\/wp-json\/wp\/v2\/comments?post=1669"}],"wp:featuredmedia":[{"embeddable":true,"href":"https:\/\/greatalimentosorganicos.com\/p\/wp-json\/wp\/v2\/media\/1780"}],"wp:attachment":[{"href":"https:\/\/greatalimentosorganicos.com\/p\/wp-json\/wp\/v2\/media?parent=1669"}],"wp:term":[{"taxonomy":"product_brand","embeddable":true,"href":"https:\/\/greatalimentosorganicos.com\/p\/wp-json\/wp\/v2\/product_brand?post=1669"},{"taxonomy":"product_cat","embeddable":true,"href":"https:\/\/greatalimentosorganicos.com\/p\/wp-json\/wp\/v2\/product_cat?post=1669"},{"taxonomy":"product_tag","embeddable":true,"href":"https:\/\/greatalimentosorganicos.com\/p\/wp-json\/wp\/v2\/product_tag?post=1669"}],"curies":[{"name":"wp","href":"https:\/\/api.w.org\/{rel}","templated":true}]}}