{"id":1663,"date":"2023-10-11T23:07:16","date_gmt":"2023-10-11T23:07:16","guid":{"rendered":"https:\/\/greatalimentosorganicos.com\/p\/?post_type=product&#038;p=1663"},"modified":"2025-10-27T23:14:15","modified_gmt":"2025-10-27T23:14:15","slug":"zarzamoras-organicas-congeladas-bolsa-de-500-gr","status":"publish","type":"product","link":"https:\/\/greatalimentosorganicos.com\/p\/product\/zarzamoras-organicas-congeladas-bolsa-de-500-gr\/","title":{"rendered":"Zarzamoras Org\u00e1nicas Congeladas Bolsa de 500 Gr."},"content":{"rendered":"<div class=\"flex-1 overflow-hidden\">\n<div class=\"react-scroll-to-bottom--css-qiwox-79elbk h-full dark:bg-gray-800\">\n<div class=\"react-scroll-to-bottom--css-qiwox-1n7m0yu\">\n<div class=\"flex flex-col text-sm dark:bg-gray-800\">\n<div class=\"group w-full text-token-text-primary border-b border-black\/10 gizmo:border-0 dark:border-gray-900\/50 gizmo:dark:border-0 bg-gray-50 gizmo:bg-transparent dark:bg-[#444654] gizmo:dark:bg-transparent\" data-testid=\"conversation-turn-9\">\n<div class=\"p-4 justify-center text-base md:gap-6 md:py-6 m-auto\">\n<div class=\"flex flex-1 gap-4 text-base mx-auto md:gap-6 gizmo:gap-3 gizmo:md:px-5 gizmo:lg:px-1 gizmo:xl:px-5 md:max-w-2xl lg:max-w-[38rem] gizmo:md:max-w-3xl gizmo:lg:max-w-[40rem] gizmo:xl:max-w-[48rem] xl:max-w-3xl }\">\n<div class=\"relative flex w-[calc(100%-50px)] flex-col gap-1 gizmo:w-full md:gap-3 lg:w-[calc(100%-115px)] agent-turn\">\n<div class=\"flex flex-grow flex-col gap-3 max-w-full\">\n<div class=\"min-h-[20px] flex flex-col items-start gap-3 whitespace-pre-wrap break-words overflow-x-auto\">\n<div class=\"markdown prose w-full break-words dark:prose-invert light\">\n<p>Nuestras Zarzamoras Org\u00e1nicas Congeladas son un fest\u00edn de sabor y frescura. Cultivadas de manera org\u00e1nica en M\u00e9xico, estas zarzamoras congeladas son ideales para disfrutar de un toque de autenticidad y salud en tus recetas.<\/p>\n<\/div>\n<\/div>\n<\/div>\n<\/div>\n<\/div>\n<\/div>\n<\/div>\n<\/div>\n<\/div>\n<\/div>\n<\/div>\n<ul class=\"a-unordered-list a-vertical a-spacing-mini\">\n<li class=\"a-spacing-mini\"><span class=\"a-list-item\">Org\u00e1nico<\/span><\/li>\n<li class=\"a-spacing-mini\"><span class=\"a-list-item\">Libre de conservadores<\/span><\/li>\n<li class=\"a-spacing-mini\"><span class=\"a-list-item\">Producto mexicano<\/span><\/li>\n<\/ul>\n","protected":false},"excerpt":{"rendered":"<p>Sum\u00e9rgete en el sabor aut\u00e9ntico de M\u00e9xico con nuestras Zarzamoras Org\u00e1nicas Congeladas. Producidas de manera sostenible en suelo mexicano, estas zarzamoras son una deliciosa muestra de la naturaleza. Cada bolsa de zarzamoras congeladas que ofrecemos captura la frescura y el sabor de las frutas en su punto \u00f3ptimo de madurez. Util\u00edzalas en batidos, yogures, postres y m\u00e1s para disfrutar de un toque de vitalidad y antioxidantes naturales en tu dieta. Nuestra producci\u00f3n 100% mexicana refleja nuestro compromiso con la calidad y la sostenibilidad.<\/p>\n","protected":false},"featured_media":1682,"comment_status":"open","ping_status":"closed","template":"","meta":{"nf_dc_page":"","om_disable_all_campaigns":false},"product_brand":[],"product_cat":[110],"product_tag":[76,112,113,70,66,117],"class_list":{"0":"post-1663","1":"product","2":"type-product","3":"status-publish","4":"has-post-thumbnail","6":"product_cat-congelados","7":"product_tag-blackberry","8":"product_tag-congelados","9":"product_tag-frozen","10":"product_tag-organic","11":"product_tag-organica","12":"product_tag-zarzamora","13":"product_shipping_class-north-america","15":"first","16":"instock","17":"shipping-taxable","18":"purchasable","19":"product-type-simple"},"yoast_head":"<!-- This site is optimized with the Yoast SEO plugin v27.4 - https:\/\/yoast.com\/product\/yoast-seo-wordpress\/ -->\n<title>Zarzamoras Org\u00e1nicas Congeladas Bolsa de 500 Gr. - GREAT<\/title>\n<meta name=\"robots\" content=\"index, follow, max-snippet:-1, max-image-preview:large, max-video-preview:-1\" \/>\n<link rel=\"canonical\" href=\"https:\/\/greatalimentosorganicos.com\/p\/product\/zarzamoras-organicas-congeladas-bolsa-de-500-gr\/\" \/>\n<meta property=\"og:locale\" content=\"es_ES\" \/>\n<meta property=\"og:type\" content=\"article\" \/>\n<meta property=\"og:title\" content=\"Zarzamoras Org\u00e1nicas Congeladas Bolsa de 500 Gr. - GREAT\" \/>\n<meta property=\"og:description\" content=\"Sum\u00e9rgete en el sabor aut\u00e9ntico de M\u00e9xico con nuestras Zarzamoras Org\u00e1nicas Congeladas. Producidas de manera sostenible en suelo mexicano, estas zarzamoras son una deliciosa muestra de la naturaleza. Cada bolsa de zarzamoras congeladas que ofrecemos captura la frescura y el sabor de las frutas en su punto \u00f3ptimo de madurez. Util\u00edzalas en batidos, yogures, postres y m\u00e1s para disfrutar de un toque de vitalidad y antioxidantes naturales en tu dieta. Nuestra producci\u00f3n 100% mexicana refleja nuestro compromiso con la calidad y la sostenibilidad.\" \/>\n<meta property=\"og:url\" content=\"https:\/\/greatalimentosorganicos.com\/p\/product\/zarzamoras-organicas-congeladas-bolsa-de-500-gr\/\" \/>\n<meta property=\"og:site_name\" content=\"GREAT\" \/>\n<meta property=\"article:modified_time\" content=\"2025-10-27T23:14:15+00:00\" \/>\n<meta property=\"og:image\" content=\"https:\/\/greatalimentosorganicos.com\/p\/wp-content\/uploads\/2023\/10\/Congelados-03.jpg\" \/>\n\t<meta property=\"og:image:width\" content=\"800\" \/>\n\t<meta property=\"og:image:height\" content=\"800\" \/>\n\t<meta property=\"og:image:type\" content=\"image\/jpeg\" \/>\n<meta name=\"twitter:card\" content=\"summary_large_image\" \/>\n<meta name=\"twitter:label1\" content=\"Tiempo de lectura\" \/>\n\t<meta name=\"twitter:data1\" content=\"1 minuto\" \/>\n<script type=\"application\/ld+json\" class=\"yoast-schema-graph\">{\"@context\":\"https:\\\/\\\/schema.org\",\"@graph\":[{\"@type\":\"WebPage\",\"@id\":\"https:\\\/\\\/greatalimentosorganicos.com\\\/p\\\/product\\\/zarzamoras-organicas-congeladas-bolsa-de-500-gr\\\/\",\"url\":\"https:\\\/\\\/greatalimentosorganicos.com\\\/p\\\/product\\\/zarzamoras-organicas-congeladas-bolsa-de-500-gr\\\/\",\"name\":\"Zarzamoras Org\u00e1nicas Congeladas Bolsa de 500 Gr. - GREAT\",\"isPartOf\":{\"@id\":\"https:\\\/\\\/greatalimentosorganicos.com\\\/p\\\/#website\"},\"primaryImageOfPage\":{\"@id\":\"https:\\\/\\\/greatalimentosorganicos.com\\\/p\\\/product\\\/zarzamoras-organicas-congeladas-bolsa-de-500-gr\\\/#primaryimage\"},\"image\":{\"@id\":\"https:\\\/\\\/greatalimentosorganicos.com\\\/p\\\/product\\\/zarzamoras-organicas-congeladas-bolsa-de-500-gr\\\/#primaryimage\"},\"thumbnailUrl\":\"https:\\\/\\\/greatalimentosorganicos.com\\\/p\\\/wp-content\\\/uploads\\\/2023\\\/10\\\/Congelados-03.jpg\",\"datePublished\":\"2023-10-11T23:07:16+00:00\",\"dateModified\":\"2025-10-27T23:14:15+00:00\",\"breadcrumb\":{\"@id\":\"https:\\\/\\\/greatalimentosorganicos.com\\\/p\\\/product\\\/zarzamoras-organicas-congeladas-bolsa-de-500-gr\\\/#breadcrumb\"},\"inLanguage\":\"es\",\"potentialAction\":[{\"@type\":\"ReadAction\",\"target\":[\"https:\\\/\\\/greatalimentosorganicos.com\\\/p\\\/product\\\/zarzamoras-organicas-congeladas-bolsa-de-500-gr\\\/\"]}]},{\"@type\":\"ImageObject\",\"inLanguage\":\"es\",\"@id\":\"https:\\\/\\\/greatalimentosorganicos.com\\\/p\\\/product\\\/zarzamoras-organicas-congeladas-bolsa-de-500-gr\\\/#primaryimage\",\"url\":\"https:\\\/\\\/greatalimentosorganicos.com\\\/p\\\/wp-content\\\/uploads\\\/2023\\\/10\\\/Congelados-03.jpg\",\"contentUrl\":\"https:\\\/\\\/greatalimentosorganicos.com\\\/p\\\/wp-content\\\/uploads\\\/2023\\\/10\\\/Congelados-03.jpg\",\"width\":800,\"height\":800},{\"@type\":\"BreadcrumbList\",\"@id\":\"https:\\\/\\\/greatalimentosorganicos.com\\\/p\\\/product\\\/zarzamoras-organicas-congeladas-bolsa-de-500-gr\\\/#breadcrumb\",\"itemListElement\":[{\"@type\":\"ListItem\",\"position\":1,\"name\":\"Productos\",\"item\":\"https:\\\/\\\/greatalimentosorganicos.com\\\/p\\\/shop\\\/\"},{\"@type\":\"ListItem\",\"position\":2,\"name\":\"Zarzamoras Org\u00e1nicas Congeladas Bolsa de 500 Gr.\"}]},{\"@type\":\"WebSite\",\"@id\":\"https:\\\/\\\/greatalimentosorganicos.com\\\/p\\\/#website\",\"url\":\"https:\\\/\\\/greatalimentosorganicos.com\\\/p\\\/\",\"name\":\"GREAT\",\"description\":\"Alimentos Org\u00e1nicos\",\"publisher\":{\"@id\":\"https:\\\/\\\/greatalimentosorganicos.com\\\/p\\\/#organization\"},\"potentialAction\":[{\"@type\":\"SearchAction\",\"target\":{\"@type\":\"EntryPoint\",\"urlTemplate\":\"https:\\\/\\\/greatalimentosorganicos.com\\\/p\\\/?s={search_term_string}\"},\"query-input\":{\"@type\":\"PropertyValueSpecification\",\"valueRequired\":true,\"valueName\":\"search_term_string\"}}],\"inLanguage\":\"es\"},{\"@type\":\"Organization\",\"@id\":\"https:\\\/\\\/greatalimentosorganicos.com\\\/p\\\/#organization\",\"name\":\"GREAT\",\"url\":\"https:\\\/\\\/greatalimentosorganicos.com\\\/p\\\/\",\"logo\":{\"@type\":\"ImageObject\",\"inLanguage\":\"es\",\"@id\":\"https:\\\/\\\/greatalimentosorganicos.com\\\/p\\\/#\\\/schema\\\/logo\\\/image\\\/\",\"url\":\"https:\\\/\\\/greatalimentosorganicos.com\\\/p\\\/wp-content\\\/uploads\\\/2023\\\/09\\\/LOGO-2023_GREAT_TXT_gris.png\",\"contentUrl\":\"https:\\\/\\\/greatalimentosorganicos.com\\\/p\\\/wp-content\\\/uploads\\\/2023\\\/09\\\/LOGO-2023_GREAT_TXT_gris.png\",\"width\":800,\"height\":193,\"caption\":\"GREAT\"},\"image\":{\"@id\":\"https:\\\/\\\/greatalimentosorganicos.com\\\/p\\\/#\\\/schema\\\/logo\\\/image\\\/\"}}]}<\/script>\n<!-- \/ Yoast SEO plugin. -->","yoast_head_json":{"title":"Zarzamoras Org\u00e1nicas Congeladas Bolsa de 500 Gr. - GREAT","robots":{"index":"index","follow":"follow","max-snippet":"max-snippet:-1","max-image-preview":"max-image-preview:large","max-video-preview":"max-video-preview:-1"},"canonical":"https:\/\/greatalimentosorganicos.com\/p\/product\/zarzamoras-organicas-congeladas-bolsa-de-500-gr\/","og_locale":"es_ES","og_type":"article","og_title":"Zarzamoras Org\u00e1nicas Congeladas Bolsa de 500 Gr. - GREAT","og_description":"Sum\u00e9rgete en el sabor aut\u00e9ntico de M\u00e9xico con nuestras Zarzamoras Org\u00e1nicas Congeladas. Producidas de manera sostenible en suelo mexicano, estas zarzamoras son una deliciosa muestra de la naturaleza. Cada bolsa de zarzamoras congeladas que ofrecemos captura la frescura y el sabor de las frutas en su punto \u00f3ptimo de madurez. Util\u00edzalas en batidos, yogures, postres y m\u00e1s para disfrutar de un toque de vitalidad y antioxidantes naturales en tu dieta. Nuestra producci\u00f3n 100% mexicana refleja nuestro compromiso con la calidad y la sostenibilidad.","og_url":"https:\/\/greatalimentosorganicos.com\/p\/product\/zarzamoras-organicas-congeladas-bolsa-de-500-gr\/","og_site_name":"GREAT","article_modified_time":"2025-10-27T23:14:15+00:00","og_image":[{"width":800,"height":800,"url":"https:\/\/greatalimentosorganicos.com\/p\/wp-content\/uploads\/2023\/10\/Congelados-03.jpg","type":"image\/jpeg"}],"twitter_card":"summary_large_image","twitter_misc":{"Tiempo de lectura":"1 minuto"},"schema":{"@context":"https:\/\/schema.org","@graph":[{"@type":"WebPage","@id":"https:\/\/greatalimentosorganicos.com\/p\/product\/zarzamoras-organicas-congeladas-bolsa-de-500-gr\/","url":"https:\/\/greatalimentosorganicos.com\/p\/product\/zarzamoras-organicas-congeladas-bolsa-de-500-gr\/","name":"Zarzamoras Org\u00e1nicas Congeladas Bolsa de 500 Gr. - GREAT","isPartOf":{"@id":"https:\/\/greatalimentosorganicos.com\/p\/#website"},"primaryImageOfPage":{"@id":"https:\/\/greatalimentosorganicos.com\/p\/product\/zarzamoras-organicas-congeladas-bolsa-de-500-gr\/#primaryimage"},"image":{"@id":"https:\/\/greatalimentosorganicos.com\/p\/product\/zarzamoras-organicas-congeladas-bolsa-de-500-gr\/#primaryimage"},"thumbnailUrl":"https:\/\/greatalimentosorganicos.com\/p\/wp-content\/uploads\/2023\/10\/Congelados-03.jpg","datePublished":"2023-10-11T23:07:16+00:00","dateModified":"2025-10-27T23:14:15+00:00","breadcrumb":{"@id":"https:\/\/greatalimentosorganicos.com\/p\/product\/zarzamoras-organicas-congeladas-bolsa-de-500-gr\/#breadcrumb"},"inLanguage":"es","potentialAction":[{"@type":"ReadAction","target":["https:\/\/greatalimentosorganicos.com\/p\/product\/zarzamoras-organicas-congeladas-bolsa-de-500-gr\/"]}]},{"@type":"ImageObject","inLanguage":"es","@id":"https:\/\/greatalimentosorganicos.com\/p\/product\/zarzamoras-organicas-congeladas-bolsa-de-500-gr\/#primaryimage","url":"https:\/\/greatalimentosorganicos.com\/p\/wp-content\/uploads\/2023\/10\/Congelados-03.jpg","contentUrl":"https:\/\/greatalimentosorganicos.com\/p\/wp-content\/uploads\/2023\/10\/Congelados-03.jpg","width":800,"height":800},{"@type":"BreadcrumbList","@id":"https:\/\/greatalimentosorganicos.com\/p\/product\/zarzamoras-organicas-congeladas-bolsa-de-500-gr\/#breadcrumb","itemListElement":[{"@type":"ListItem","position":1,"name":"Productos","item":"https:\/\/greatalimentosorganicos.com\/p\/shop\/"},{"@type":"ListItem","position":2,"name":"Zarzamoras Org\u00e1nicas Congeladas Bolsa de 500 Gr."}]},{"@type":"WebSite","@id":"https:\/\/greatalimentosorganicos.com\/p\/#website","url":"https:\/\/greatalimentosorganicos.com\/p\/","name":"GREAT","description":"Alimentos Org\u00e1nicos","publisher":{"@id":"https:\/\/greatalimentosorganicos.com\/p\/#organization"},"potentialAction":[{"@type":"SearchAction","target":{"@type":"EntryPoint","urlTemplate":"https:\/\/greatalimentosorganicos.com\/p\/?s={search_term_string}"},"query-input":{"@type":"PropertyValueSpecification","valueRequired":true,"valueName":"search_term_string"}}],"inLanguage":"es"},{"@type":"Organization","@id":"https:\/\/greatalimentosorganicos.com\/p\/#organization","name":"GREAT","url":"https:\/\/greatalimentosorganicos.com\/p\/","logo":{"@type":"ImageObject","inLanguage":"es","@id":"https:\/\/greatalimentosorganicos.com\/p\/#\/schema\/logo\/image\/","url":"https:\/\/greatalimentosorganicos.com\/p\/wp-content\/uploads\/2023\/09\/LOGO-2023_GREAT_TXT_gris.png","contentUrl":"https:\/\/greatalimentosorganicos.com\/p\/wp-content\/uploads\/2023\/09\/LOGO-2023_GREAT_TXT_gris.png","width":800,"height":193,"caption":"GREAT"},"image":{"@id":"https:\/\/greatalimentosorganicos.com\/p\/#\/schema\/logo\/image\/"}}]}},"_links":{"self":[{"href":"https:\/\/greatalimentosorganicos.com\/p\/wp-json\/wp\/v2\/product\/1663","targetHints":{"allow":["GET"]}}],"collection":[{"href":"https:\/\/greatalimentosorganicos.com\/p\/wp-json\/wp\/v2\/product"}],"about":[{"href":"https:\/\/greatalimentosorganicos.com\/p\/wp-json\/wp\/v2\/types\/product"}],"replies":[{"embeddable":true,"href":"https:\/\/greatalimentosorganicos.com\/p\/wp-json\/wp\/v2\/comments?post=1663"}],"wp:featuredmedia":[{"embeddable":true,"href":"https:\/\/greatalimentosorganicos.com\/p\/wp-json\/wp\/v2\/media\/1682"}],"wp:attachment":[{"href":"https:\/\/greatalimentosorganicos.com\/p\/wp-json\/wp\/v2\/media?parent=1663"}],"wp:term":[{"taxonomy":"product_brand","embeddable":true,"href":"https:\/\/greatalimentosorganicos.com\/p\/wp-json\/wp\/v2\/product_brand?post=1663"},{"taxonomy":"product_cat","embeddable":true,"href":"https:\/\/greatalimentosorganicos.com\/p\/wp-json\/wp\/v2\/product_cat?post=1663"},{"taxonomy":"product_tag","embeddable":true,"href":"https:\/\/greatalimentosorganicos.com\/p\/wp-json\/wp\/v2\/product_tag?post=1663"}],"curies":[{"name":"wp","href":"https:\/\/api.w.org\/{rel}","templated":true}]}}