{"id":1660,"date":"2023-10-10T20:20:58","date_gmt":"2023-10-10T20:20:58","guid":{"rendered":"https:\/\/greatalimentosorganicos.com\/p\/?post_type=product&#038;p=1660"},"modified":"2023-11-16T16:58:59","modified_gmt":"2023-11-16T16:58:59","slug":"frambuesas-organicas-congelados-bolsa-de-500-gr","status":"publish","type":"product","link":"https:\/\/greatalimentosorganicos.com\/p\/product\/frambuesas-organicas-congelados-bolsa-de-500-gr\/","title":{"rendered":"Frambuesas Org\u00e1nicas Congeladas Bolsa de 500 Gr."},"content":{"rendered":"<div class=\"flex-1 overflow-hidden\">\n<div class=\"react-scroll-to-bottom--css-qiwox-79elbk h-full dark:bg-gray-800\">\n<div class=\"react-scroll-to-bottom--css-qiwox-1n7m0yu\">\n<div class=\"flex flex-col text-sm dark:bg-gray-800\">\n<div class=\"group w-full text-token-text-primary border-b border-black\/10 gizmo:border-0 dark:border-gray-900\/50 gizmo:dark:border-0 bg-gray-50 gizmo:bg-transparent dark:bg-[#444654] gizmo:dark:bg-transparent\" data-testid=\"conversation-turn-9\">\n<div class=\"p-4 justify-center text-base md:gap-6 md:py-6 m-auto\">\n<div class=\"flex flex-1 gap-4 text-base mx-auto md:gap-6 gizmo:gap-3 gizmo:md:px-5 gizmo:lg:px-1 gizmo:xl:px-5 md:max-w-2xl lg:max-w-[38rem] gizmo:md:max-w-3xl gizmo:lg:max-w-[40rem] gizmo:xl:max-w-[48rem] xl:max-w-3xl }\">\n<div class=\"relative flex w-[calc(100%-50px)] flex-col gap-1 gizmo:w-full md:gap-3 lg:w-[calc(100%-115px)] agent-turn\">\n<div class=\"flex flex-grow flex-col gap-3 max-w-full\">\n<div class=\"min-h-[20px] flex flex-col items-start gap-3 whitespace-pre-wrap break-words overflow-x-auto\">\n<div class=\"markdown prose w-full break-words dark:prose-invert light\">\n<p>Nuestras Frambuesas Org\u00e1nicas Congeladas son un bocado de frescura y sabor excepcional. Originarias de M\u00e9xico, estas frambuesas org\u00e1nicas congeladas son perfectas para a\u00f1adir un toque de dulzura y antioxidantes a tus platos.<\/p>\n<\/div>\n<\/div>\n<\/div>\n<\/div>\n<\/div>\n<\/div>\n<\/div>\n<\/div>\n<\/div>\n<\/div>\n<\/div>\n<ul class=\"a-unordered-list a-vertical a-spacing-mini\">\n<li class=\"a-spacing-mini\"><span class=\"a-list-item\">Org\u00e1nico<\/span><\/li>\n<li class=\"a-spacing-mini\"><span class=\"a-list-item\">Libre de conservadores<\/span><\/li>\n<li class=\"a-spacing-mini\"><span class=\"a-list-item\">Producto mexicano<\/span><\/li>\n<\/ul>\n","protected":false},"excerpt":{"rendered":"<p>Explora la autenticidad de la naturaleza con nuestras Frambuesas Org\u00e1nicas Congeladas. Cosechadas de manera sostenible en M\u00e9xico, estas frambuesas son una delicia para tu paladar y un regalo para tu salud. Cada bolsa de frambuesas congeladas que ofrecemos captura la frescura y el sabor de las frutas en su punto \u00f3ptimo de madurez. Util\u00edzalas en batidos, postres, salsas y m\u00e1s para elevar tus creaciones culinarias. Nuestra producci\u00f3n 100% mexicana garantiza que cada bocado est\u00e9 lleno de sabor aut\u00e9ntico y antioxidantes naturales. Experimenta la calidad y la frescura.<\/p>\n","protected":false},"featured_media":1685,"comment_status":"open","ping_status":"closed","template":"","meta":{"nf_dc_page":"","om_disable_all_campaigns":false},"product_brand":[],"product_cat":[110],"product_tag":[112,116,113,70,66,115],"class_list":{"0":"post-1660","1":"product","2":"type-product","3":"status-publish","4":"has-post-thumbnail","6":"product_cat-congelados","7":"product_tag-congelados","8":"product_tag-frambuesas","9":"product_tag-frozen","10":"product_tag-organic","11":"product_tag-organica","12":"product_tag-raspberries","13":"product_shipping_class-north-america","15":"first","16":"instock","17":"shipping-taxable","18":"purchasable","19":"product-type-simple"},"yoast_head":"<!-- This site is optimized with the Yoast SEO plugin v27.4 - https:\/\/yoast.com\/product\/yoast-seo-wordpress\/ -->\n<title>Frambuesas Org\u00e1nicas Congeladas Bolsa de 500 Gr. - GREAT<\/title>\n<meta name=\"robots\" content=\"index, follow, max-snippet:-1, max-image-preview:large, max-video-preview:-1\" \/>\n<link rel=\"canonical\" href=\"https:\/\/greatalimentosorganicos.com\/p\/product\/frambuesas-organicas-congelados-bolsa-de-500-gr\/\" \/>\n<meta property=\"og:locale\" content=\"es_ES\" \/>\n<meta property=\"og:type\" content=\"article\" \/>\n<meta property=\"og:title\" content=\"Frambuesas Org\u00e1nicas Congeladas Bolsa de 500 Gr. - GREAT\" \/>\n<meta property=\"og:description\" content=\"Explora la autenticidad de la naturaleza con nuestras Frambuesas Org\u00e1nicas Congeladas. Cosechadas de manera sostenible en M\u00e9xico, estas frambuesas son una delicia para tu paladar y un regalo para tu salud. Cada bolsa de frambuesas congeladas que ofrecemos captura la frescura y el sabor de las frutas en su punto \u00f3ptimo de madurez. Util\u00edzalas en batidos, postres, salsas y m\u00e1s para elevar tus creaciones culinarias. Nuestra producci\u00f3n 100% mexicana garantiza que cada bocado est\u00e9 lleno de sabor aut\u00e9ntico y antioxidantes naturales. Experimenta la calidad y la frescura.\" \/>\n<meta property=\"og:url\" content=\"https:\/\/greatalimentosorganicos.com\/p\/product\/frambuesas-organicas-congelados-bolsa-de-500-gr\/\" \/>\n<meta property=\"og:site_name\" content=\"GREAT\" \/>\n<meta property=\"article:modified_time\" content=\"2023-11-16T16:58:59+00:00\" \/>\n<meta property=\"og:image\" content=\"https:\/\/greatalimentosorganicos.com\/p\/wp-content\/uploads\/2023\/10\/Congelados-02.jpg\" \/>\n\t<meta property=\"og:image:width\" content=\"800\" \/>\n\t<meta property=\"og:image:height\" content=\"800\" \/>\n\t<meta property=\"og:image:type\" content=\"image\/jpeg\" \/>\n<meta name=\"twitter:card\" content=\"summary_large_image\" \/>\n<meta name=\"twitter:label1\" content=\"Tiempo de lectura\" \/>\n\t<meta name=\"twitter:data1\" content=\"1 minuto\" \/>\n<script type=\"application\/ld+json\" class=\"yoast-schema-graph\">{\"@context\":\"https:\\\/\\\/schema.org\",\"@graph\":[{\"@type\":\"WebPage\",\"@id\":\"https:\\\/\\\/greatalimentosorganicos.com\\\/p\\\/product\\\/frambuesas-organicas-congelados-bolsa-de-500-gr\\\/\",\"url\":\"https:\\\/\\\/greatalimentosorganicos.com\\\/p\\\/product\\\/frambuesas-organicas-congelados-bolsa-de-500-gr\\\/\",\"name\":\"Frambuesas Org\u00e1nicas Congeladas Bolsa de 500 Gr. - GREAT\",\"isPartOf\":{\"@id\":\"https:\\\/\\\/greatalimentosorganicos.com\\\/p\\\/#website\"},\"primaryImageOfPage\":{\"@id\":\"https:\\\/\\\/greatalimentosorganicos.com\\\/p\\\/product\\\/frambuesas-organicas-congelados-bolsa-de-500-gr\\\/#primaryimage\"},\"image\":{\"@id\":\"https:\\\/\\\/greatalimentosorganicos.com\\\/p\\\/product\\\/frambuesas-organicas-congelados-bolsa-de-500-gr\\\/#primaryimage\"},\"thumbnailUrl\":\"https:\\\/\\\/greatalimentosorganicos.com\\\/p\\\/wp-content\\\/uploads\\\/2023\\\/10\\\/Congelados-02.jpg\",\"datePublished\":\"2023-10-10T20:20:58+00:00\",\"dateModified\":\"2023-11-16T16:58:59+00:00\",\"breadcrumb\":{\"@id\":\"https:\\\/\\\/greatalimentosorganicos.com\\\/p\\\/product\\\/frambuesas-organicas-congelados-bolsa-de-500-gr\\\/#breadcrumb\"},\"inLanguage\":\"es\",\"potentialAction\":[{\"@type\":\"ReadAction\",\"target\":[\"https:\\\/\\\/greatalimentosorganicos.com\\\/p\\\/product\\\/frambuesas-organicas-congelados-bolsa-de-500-gr\\\/\"]}]},{\"@type\":\"ImageObject\",\"inLanguage\":\"es\",\"@id\":\"https:\\\/\\\/greatalimentosorganicos.com\\\/p\\\/product\\\/frambuesas-organicas-congelados-bolsa-de-500-gr\\\/#primaryimage\",\"url\":\"https:\\\/\\\/greatalimentosorganicos.com\\\/p\\\/wp-content\\\/uploads\\\/2023\\\/10\\\/Congelados-02.jpg\",\"contentUrl\":\"https:\\\/\\\/greatalimentosorganicos.com\\\/p\\\/wp-content\\\/uploads\\\/2023\\\/10\\\/Congelados-02.jpg\",\"width\":800,\"height\":800},{\"@type\":\"BreadcrumbList\",\"@id\":\"https:\\\/\\\/greatalimentosorganicos.com\\\/p\\\/product\\\/frambuesas-organicas-congelados-bolsa-de-500-gr\\\/#breadcrumb\",\"itemListElement\":[{\"@type\":\"ListItem\",\"position\":1,\"name\":\"Productos\",\"item\":\"https:\\\/\\\/greatalimentosorganicos.com\\\/p\\\/shop\\\/\"},{\"@type\":\"ListItem\",\"position\":2,\"name\":\"Frambuesas Org\u00e1nicas Congeladas Bolsa de 500 Gr.\"}]},{\"@type\":\"WebSite\",\"@id\":\"https:\\\/\\\/greatalimentosorganicos.com\\\/p\\\/#website\",\"url\":\"https:\\\/\\\/greatalimentosorganicos.com\\\/p\\\/\",\"name\":\"GREAT\",\"description\":\"Alimentos Org\u00e1nicos\",\"publisher\":{\"@id\":\"https:\\\/\\\/greatalimentosorganicos.com\\\/p\\\/#organization\"},\"potentialAction\":[{\"@type\":\"SearchAction\",\"target\":{\"@type\":\"EntryPoint\",\"urlTemplate\":\"https:\\\/\\\/greatalimentosorganicos.com\\\/p\\\/?s={search_term_string}\"},\"query-input\":{\"@type\":\"PropertyValueSpecification\",\"valueRequired\":true,\"valueName\":\"search_term_string\"}}],\"inLanguage\":\"es\"},{\"@type\":\"Organization\",\"@id\":\"https:\\\/\\\/greatalimentosorganicos.com\\\/p\\\/#organization\",\"name\":\"GREAT\",\"url\":\"https:\\\/\\\/greatalimentosorganicos.com\\\/p\\\/\",\"logo\":{\"@type\":\"ImageObject\",\"inLanguage\":\"es\",\"@id\":\"https:\\\/\\\/greatalimentosorganicos.com\\\/p\\\/#\\\/schema\\\/logo\\\/image\\\/\",\"url\":\"https:\\\/\\\/greatalimentosorganicos.com\\\/p\\\/wp-content\\\/uploads\\\/2023\\\/09\\\/LOGO-2023_GREAT_TXT_gris.png\",\"contentUrl\":\"https:\\\/\\\/greatalimentosorganicos.com\\\/p\\\/wp-content\\\/uploads\\\/2023\\\/09\\\/LOGO-2023_GREAT_TXT_gris.png\",\"width\":800,\"height\":193,\"caption\":\"GREAT\"},\"image\":{\"@id\":\"https:\\\/\\\/greatalimentosorganicos.com\\\/p\\\/#\\\/schema\\\/logo\\\/image\\\/\"}}]}<\/script>\n<!-- \/ Yoast SEO plugin. -->","yoast_head_json":{"title":"Frambuesas Org\u00e1nicas Congeladas Bolsa de 500 Gr. - GREAT","robots":{"index":"index","follow":"follow","max-snippet":"max-snippet:-1","max-image-preview":"max-image-preview:large","max-video-preview":"max-video-preview:-1"},"canonical":"https:\/\/greatalimentosorganicos.com\/p\/product\/frambuesas-organicas-congelados-bolsa-de-500-gr\/","og_locale":"es_ES","og_type":"article","og_title":"Frambuesas Org\u00e1nicas Congeladas Bolsa de 500 Gr. - GREAT","og_description":"Explora la autenticidad de la naturaleza con nuestras Frambuesas Org\u00e1nicas Congeladas. Cosechadas de manera sostenible en M\u00e9xico, estas frambuesas son una delicia para tu paladar y un regalo para tu salud. Cada bolsa de frambuesas congeladas que ofrecemos captura la frescura y el sabor de las frutas en su punto \u00f3ptimo de madurez. Util\u00edzalas en batidos, postres, salsas y m\u00e1s para elevar tus creaciones culinarias. Nuestra producci\u00f3n 100% mexicana garantiza que cada bocado est\u00e9 lleno de sabor aut\u00e9ntico y antioxidantes naturales. Experimenta la calidad y la frescura.","og_url":"https:\/\/greatalimentosorganicos.com\/p\/product\/frambuesas-organicas-congelados-bolsa-de-500-gr\/","og_site_name":"GREAT","article_modified_time":"2023-11-16T16:58:59+00:00","og_image":[{"width":800,"height":800,"url":"https:\/\/greatalimentosorganicos.com\/p\/wp-content\/uploads\/2023\/10\/Congelados-02.jpg","type":"image\/jpeg"}],"twitter_card":"summary_large_image","twitter_misc":{"Tiempo de lectura":"1 minuto"},"schema":{"@context":"https:\/\/schema.org","@graph":[{"@type":"WebPage","@id":"https:\/\/greatalimentosorganicos.com\/p\/product\/frambuesas-organicas-congelados-bolsa-de-500-gr\/","url":"https:\/\/greatalimentosorganicos.com\/p\/product\/frambuesas-organicas-congelados-bolsa-de-500-gr\/","name":"Frambuesas Org\u00e1nicas Congeladas Bolsa de 500 Gr. - GREAT","isPartOf":{"@id":"https:\/\/greatalimentosorganicos.com\/p\/#website"},"primaryImageOfPage":{"@id":"https:\/\/greatalimentosorganicos.com\/p\/product\/frambuesas-organicas-congelados-bolsa-de-500-gr\/#primaryimage"},"image":{"@id":"https:\/\/greatalimentosorganicos.com\/p\/product\/frambuesas-organicas-congelados-bolsa-de-500-gr\/#primaryimage"},"thumbnailUrl":"https:\/\/greatalimentosorganicos.com\/p\/wp-content\/uploads\/2023\/10\/Congelados-02.jpg","datePublished":"2023-10-10T20:20:58+00:00","dateModified":"2023-11-16T16:58:59+00:00","breadcrumb":{"@id":"https:\/\/greatalimentosorganicos.com\/p\/product\/frambuesas-organicas-congelados-bolsa-de-500-gr\/#breadcrumb"},"inLanguage":"es","potentialAction":[{"@type":"ReadAction","target":["https:\/\/greatalimentosorganicos.com\/p\/product\/frambuesas-organicas-congelados-bolsa-de-500-gr\/"]}]},{"@type":"ImageObject","inLanguage":"es","@id":"https:\/\/greatalimentosorganicos.com\/p\/product\/frambuesas-organicas-congelados-bolsa-de-500-gr\/#primaryimage","url":"https:\/\/greatalimentosorganicos.com\/p\/wp-content\/uploads\/2023\/10\/Congelados-02.jpg","contentUrl":"https:\/\/greatalimentosorganicos.com\/p\/wp-content\/uploads\/2023\/10\/Congelados-02.jpg","width":800,"height":800},{"@type":"BreadcrumbList","@id":"https:\/\/greatalimentosorganicos.com\/p\/product\/frambuesas-organicas-congelados-bolsa-de-500-gr\/#breadcrumb","itemListElement":[{"@type":"ListItem","position":1,"name":"Productos","item":"https:\/\/greatalimentosorganicos.com\/p\/shop\/"},{"@type":"ListItem","position":2,"name":"Frambuesas Org\u00e1nicas Congeladas Bolsa de 500 Gr."}]},{"@type":"WebSite","@id":"https:\/\/greatalimentosorganicos.com\/p\/#website","url":"https:\/\/greatalimentosorganicos.com\/p\/","name":"GREAT","description":"Alimentos Org\u00e1nicos","publisher":{"@id":"https:\/\/greatalimentosorganicos.com\/p\/#organization"},"potentialAction":[{"@type":"SearchAction","target":{"@type":"EntryPoint","urlTemplate":"https:\/\/greatalimentosorganicos.com\/p\/?s={search_term_string}"},"query-input":{"@type":"PropertyValueSpecification","valueRequired":true,"valueName":"search_term_string"}}],"inLanguage":"es"},{"@type":"Organization","@id":"https:\/\/greatalimentosorganicos.com\/p\/#organization","name":"GREAT","url":"https:\/\/greatalimentosorganicos.com\/p\/","logo":{"@type":"ImageObject","inLanguage":"es","@id":"https:\/\/greatalimentosorganicos.com\/p\/#\/schema\/logo\/image\/","url":"https:\/\/greatalimentosorganicos.com\/p\/wp-content\/uploads\/2023\/09\/LOGO-2023_GREAT_TXT_gris.png","contentUrl":"https:\/\/greatalimentosorganicos.com\/p\/wp-content\/uploads\/2023\/09\/LOGO-2023_GREAT_TXT_gris.png","width":800,"height":193,"caption":"GREAT"},"image":{"@id":"https:\/\/greatalimentosorganicos.com\/p\/#\/schema\/logo\/image\/"}}]}},"_links":{"self":[{"href":"https:\/\/greatalimentosorganicos.com\/p\/wp-json\/wp\/v2\/product\/1660","targetHints":{"allow":["GET"]}}],"collection":[{"href":"https:\/\/greatalimentosorganicos.com\/p\/wp-json\/wp\/v2\/product"}],"about":[{"href":"https:\/\/greatalimentosorganicos.com\/p\/wp-json\/wp\/v2\/types\/product"}],"replies":[{"embeddable":true,"href":"https:\/\/greatalimentosorganicos.com\/p\/wp-json\/wp\/v2\/comments?post=1660"}],"wp:featuredmedia":[{"embeddable":true,"href":"https:\/\/greatalimentosorganicos.com\/p\/wp-json\/wp\/v2\/media\/1685"}],"wp:attachment":[{"href":"https:\/\/greatalimentosorganicos.com\/p\/wp-json\/wp\/v2\/media?parent=1660"}],"wp:term":[{"taxonomy":"product_brand","embeddable":true,"href":"https:\/\/greatalimentosorganicos.com\/p\/wp-json\/wp\/v2\/product_brand?post=1660"},{"taxonomy":"product_cat","embeddable":true,"href":"https:\/\/greatalimentosorganicos.com\/p\/wp-json\/wp\/v2\/product_cat?post=1660"},{"taxonomy":"product_tag","embeddable":true,"href":"https:\/\/greatalimentosorganicos.com\/p\/wp-json\/wp\/v2\/product_tag?post=1660"}],"curies":[{"name":"wp","href":"https:\/\/api.w.org\/{rel}","templated":true}]}}