{"id":36,"date":"2018-01-09T09:37:08","date_gmt":"2018-01-09T09:37:08","guid":{"rendered":"https:\/\/greatalimentosorganicos.com\/p\/?page_id=36"},"modified":"2023-12-05T18:39:56","modified_gmt":"2023-12-05T18:39:56","slug":"certificaciones","status":"publish","type":"page","link":"https:\/\/greatalimentosorganicos.com\/p\/certificaciones\/","title":{"rendered":"Certificaciones"},"content":{"rendered":"<section class=\"wpb-content-wrapper\"><p>[vc_row full_width=&#8221;stretch_row&#8221; hide_bg_image_on_tablet=&#8221;&#8221; hide_bg_image_on_mobile=&#8221;&#8221; css=&#8221;.vc_custom_1533554331000{margin-top: -20px !important;background-image: url(https:\/\/greatalimentosorganicos.com\/p\/wp-content\/uploads\/2018\/08\/pattent-white-bottom.png?id=1158) !important;background-position: top left !important;}&#8221;][vc_column icons_position=&#8221;left&#8221;][vc_empty_space height=&#8221;90px&#8221; alter_height=&#8221;none&#8221; hide_on_desktop=&#8221;&#8221; hide_on_notebook=&#8221;&#8221; hide_on_tablet=&#8221;&#8221; hide_on_mobile=&#8221;1&#8243;][vc_empty_space height=&#8221;70px&#8221; alter_height=&#8221;none&#8221; hide_on_desktop=&#8221;1&#8243; hide_on_notebook=&#8221;1&#8243; hide_on_tablet=&#8221;1&#8243; hide_on_mobile=&#8221;&#8221;][vc_single_image image=&#8221;1736&#8243; img_size=&#8221;full&#8221;][vc_empty_space height=&#8221;3em&#8221; alter_height=&#8221;none&#8221; hide_on_desktop=&#8221;&#8221; hide_on_notebook=&#8221;&#8221; hide_on_tablet=&#8221;&#8221; hide_on_mobile=&#8221;&#8221;]<div id=\"sc_title_1148022951\"\n\t\tclass=\"sc_title sc_title_default\"><h6 class=\"sc_item_subtitle sc_title_subtitle sc_align_left sc_item_title_style_default\">Nuestro Compromiso con la Calidad Org\u00e1nica: Certificaciones SENASICA-SAGARPA y USDA Organic<\/h6><div class=\"sc_item_descr sc_title_descr sc_align_left\"><p>En GREAT Alimentos Org\u00e1nicos, nuestra pasi\u00f3n por la alimentaci\u00f3n saludable y responsable se refleja en cada uno de nuestros productos. Creemos que la elecci\u00f3n de alimentos de alta calidad es esencial para promover un estilo de vida m\u00e1s saludable, y es por eso que nos enorgullece anunciar nuestras certificaciones org\u00e1nicas. Estas certificaciones provienen de dos de las autoridades m\u00e1s respetadas en la industria agr\u00edcola y alimentaria: SENASICA-SAGARPA en M\u00e9xico y USDA Organic en los Estados Unidos.<\/p>\n<p>\u00bfQu\u00e9 Significa la Certificaci\u00f3n Org\u00e1nica?<\/p>\n<p>La certificaci\u00f3n org\u00e1nica es un sello de calidad que garantiza que los alimentos han sido producidos siguiendo estrictos est\u00e1ndares de agricultura sostenible y responsable. En GREAT Alimentos Org\u00e1nicos, entendemos la importancia de producir alimentos de la m\u00e1s alta calidad mientras se preserva el medio ambiente y se respeta la salud de los consumidores.<\/p>\n<p>SENASICA-SAGARPA: Nuestro Compromiso con M\u00e9xico<\/p>\n<p>La aprobaci\u00f3n de SENASICA-SAGARPA es un testimonio de nuestro compromiso con la agricultura org\u00e1nica en M\u00e9xico. Esta entidad gubernamental es responsable de supervisar y regular la producci\u00f3n agr\u00edcola en el pa\u00eds. Nuestra certificaci\u00f3n SENASICA-SAGARPA demuestra que cumplimos con los rigurosos est\u00e1ndares mexicanos de producci\u00f3n org\u00e1nica, lo que significa que nuestros productos son seguros, saludables y respetuosos con el medio ambiente.<\/p>\n<p>USDA Organic: Un Est\u00e1ndar Global de Calidad<\/p>\n<p>El sello USDA Organic es ampliamente reconocido en todo el mundo como un est\u00e1ndar de calidad excepcional. La certificaci\u00f3n USDA Organic asegura que nuestros productos cumplen con los est\u00e1ndares org\u00e1nicos m\u00e1s exigentes de los Estados Unidos. Esto incluye pr\u00e1cticas de agricultura sostenible, la exclusi\u00f3n de pesticidas sint\u00e9ticos y la promoci\u00f3n de la biodiversidad. Con esta certificaci\u00f3n, nuestros productos no solo son apreciados en M\u00e9xico, sino que tambi\u00e9n son reconocidos internacionalmente.<\/p>\n<p>Tu Elecci\u00f3n para una Alimentaci\u00f3n Saludable<\/p>\n<p>Cuando eliges productos de GREAT Alimentos Org\u00e1nicos, est\u00e1s eligiendo m\u00e1s que solo alimentos deliciosos. Est\u00e1s eligiendo la calidad, la responsabilidad y el compromiso con un mundo mejor. Nuestras certificaciones SENASICA-SAGARPA y USDA Organic son testimonio de nuestro esfuerzo constante por ofrecerte alimentos que no solo son buenos para ti, sino tambi\u00e9n para el planeta.<\/p>\n<p>Conclusi\u00f3n<\/p>\n<p>En GREAT Alimentos Org\u00e1nicos, creemos que la certificaci\u00f3n org\u00e1nica es m\u00e1s que un sello en un producto; es un compromiso con la salud, el medio ambiente y la calidad. Estamos orgullosos de llevar la aprobaci\u00f3n de SENASICA-SAGARPA y USDA Organic en cada uno de nuestros productos, y esperamos que te unas a nosotros en esta deliciosa y saludable aventura hacia un mundo mejor. Gracias por elegirnos como tu fuente confiable de alimentos org\u00e1nicos de alta calidad.<\/p>\n<\/div><\/div><!-- \/.sc_title -->[vc_empty_space height=&#8221;3em&#8221; alter_height=&#8221;none&#8221; hide_on_desktop=&#8221;&#8221; hide_on_notebook=&#8221;&#8221; hide_on_tablet=&#8221;&#8221; hide_on_mobile=&#8221;&#8221;][vc_column_text css=&#8221;.vc_custom_1698192873582{margin-top: 10px !important;padding-top: 3rem !important;padding-right: 1rem !important;padding-bottom: 3rem !important;padding-left: 1rem !important;background-color: #25634d !important;}&#8221;]<\/p>\n<h6 style=\"text-align: center; line-height: 2.2em;\"><span style=\"color: #ffffff; text-transform: none;\">USDA Organic: Un Est\u00e1ndar Global de Calidad<\/span><\/h6>\n<p>[\/vc_column_text][vc_single_image image=&#8221;1716&#8243; img_size=&#8221;full&#8221;][vc_empty_space height=&#8221;70px&#8221; alter_height=&#8221;none&#8221; hide_on_desktop=&#8221;&#8221; hide_on_notebook=&#8221;&#8221; hide_on_tablet=&#8221;&#8221; hide_on_mobile=&#8221;1&#8243;][vc_empty_space height=&#8221;35px&#8221; alter_height=&#8221;none&#8221; hide_on_desktop=&#8221;1&#8243; hide_on_notebook=&#8221;1&#8243; hide_on_tablet=&#8221;1&#8243; hide_on_mobile=&#8221;&#8221;][\/vc_column][\/vc_row]<\/p>\n<\/section>","protected":false},"excerpt":{"rendered":"<p>[vc_row full_width=&#8221;stretch_row&#8221; hide_bg_image_on_tablet=&#8221;&#8221; hide_bg_image_on_mobile=&#8221;&#8221; css=&#8221;.vc_custom_1533554331000{margin-top: -20px !important;background-image: url(https:\/\/greatalimentosorganicos.com\/p\/wp-content\/uploads\/2018\/08\/pattent-white-bottom.png?id=1158) !important;background-position: top left !important;}&#8221;][vc_column icons_position=&#8221;left&#8221;][vc_empty_space height=&#8221;90px&#8221; alter_height=&#8221;none&#8221; hide_on_desktop=&#8221;&#8221; hide_on_notebook=&#8221;&#8221; hide_on_tablet=&#8221;&#8221; hide_on_mobile=&#8221;1&#8243;][vc_empty_space height=&#8221;70px&#8221; alter_height=&#8221;none&#8221; hide_on_desktop=&#8221;1&#8243; hide_on_notebook=&#8221;1&#8243; hide_on_tablet=&#8221;1&#8243; hide_on_mobile=&#8221;&#8221;][vc_single_image image=&#8221;1736&#8243; img_size=&#8221;full&#8221;][vc_empty_space height=&#8221;3em&#8221; alter_height=&#8221;none&#8221; hide_on_desktop=&#8221;&#8221;&hellip;<\/p>\n","protected":false},"author":1,"featured_media":0,"parent":0,"menu_order":0,"comment_status":"closed","ping_status":"closed","template":"","meta":{"nf_dc_page":"","om_disable_all_campaigns":false,"footnotes":""},"class_list":["post-36","page","type-page","status-publish","hentry"],"yoast_head":"<!-- This site is optimized with the Yoast SEO plugin v27.4 - https:\/\/yoast.com\/product\/yoast-seo-wordpress\/ -->\n<title>Certificaciones - GREAT<\/title>\n<meta name=\"robots\" content=\"index, follow, max-snippet:-1, max-image-preview:large, max-video-preview:-1\" \/>\n<link rel=\"canonical\" href=\"https:\/\/greatalimentosorganicos.com\/p\/certificaciones\/\" \/>\n<meta property=\"og:locale\" content=\"es_ES\" \/>\n<meta property=\"og:type\" content=\"article\" \/>\n<meta property=\"og:title\" content=\"Certificaciones - GREAT\" \/>\n<meta property=\"og:description\" content=\"[vc_row full_width=&#8221;stretch_row&#8221; hide_bg_image_on_tablet=&#8221;&#8221; hide_bg_image_on_mobile=&#8221;&#8221; css=&#8221;.vc_custom_1533554331000{margin-top: -20px !important;background-image: url(https:\/\/greatalimentosorganicos.com\/p\/wp-content\/uploads\/2018\/08\/pattent-white-bottom.png?id=1158) !important;background-position: top left !important;}&#8221;][vc_column icons_position=&#8221;left&#8221;][vc_empty_space height=&#8221;90px&#8221; alter_height=&#8221;none&#8221; hide_on_desktop=&#8221;&#8221; hide_on_notebook=&#8221;&#8221; hide_on_tablet=&#8221;&#8221; hide_on_mobile=&#8221;1&#8243;][vc_empty_space height=&#8221;70px&#8221; alter_height=&#8221;none&#8221; hide_on_desktop=&#8221;1&#8243; hide_on_notebook=&#8221;1&#8243; hide_on_tablet=&#8221;1&#8243; hide_on_mobile=&#8221;&#8221;][vc_single_image image=&#8221;1736&#8243; img_size=&#8221;full&#8221;][vc_empty_space height=&#8221;3em&#8221; alter_height=&#8221;none&#8221; hide_on_desktop=&#8221;&#8221;&hellip;\" \/>\n<meta property=\"og:url\" content=\"https:\/\/greatalimentosorganicos.com\/p\/certificaciones\/\" \/>\n<meta property=\"og:site_name\" content=\"GREAT\" \/>\n<meta property=\"article:modified_time\" content=\"2023-12-05T18:39:56+00:00\" \/>\n<meta name=\"twitter:card\" content=\"summary_large_image\" \/>\n<meta name=\"twitter:label1\" content=\"Tiempo de lectura\" \/>\n\t<meta name=\"twitter:data1\" content=\"3 minutos\" \/>\n<script type=\"application\/ld+json\" class=\"yoast-schema-graph\">{\"@context\":\"https:\\\/\\\/schema.org\",\"@graph\":[{\"@type\":\"WebPage\",\"@id\":\"https:\\\/\\\/greatalimentosorganicos.com\\\/p\\\/certificaciones\\\/\",\"url\":\"https:\\\/\\\/greatalimentosorganicos.com\\\/p\\\/certificaciones\\\/\",\"name\":\"Certificaciones - GREAT\",\"isPartOf\":{\"@id\":\"https:\\\/\\\/greatalimentosorganicos.com\\\/p\\\/#website\"},\"datePublished\":\"2018-01-09T09:37:08+00:00\",\"dateModified\":\"2023-12-05T18:39:56+00:00\",\"inLanguage\":\"es\",\"potentialAction\":[{\"@type\":\"ReadAction\",\"target\":[\"https:\\\/\\\/greatalimentosorganicos.com\\\/p\\\/certificaciones\\\/\"]}]},{\"@type\":\"WebSite\",\"@id\":\"https:\\\/\\\/greatalimentosorganicos.com\\\/p\\\/#website\",\"url\":\"https:\\\/\\\/greatalimentosorganicos.com\\\/p\\\/\",\"name\":\"GREAT\",\"description\":\"Alimentos Org\u00e1nicos\",\"publisher\":{\"@id\":\"https:\\\/\\\/greatalimentosorganicos.com\\\/p\\\/#organization\"},\"potentialAction\":[{\"@type\":\"SearchAction\",\"target\":{\"@type\":\"EntryPoint\",\"urlTemplate\":\"https:\\\/\\\/greatalimentosorganicos.com\\\/p\\\/?s={search_term_string}\"},\"query-input\":{\"@type\":\"PropertyValueSpecification\",\"valueRequired\":true,\"valueName\":\"search_term_string\"}}],\"inLanguage\":\"es\"},{\"@type\":\"Organization\",\"@id\":\"https:\\\/\\\/greatalimentosorganicos.com\\\/p\\\/#organization\",\"name\":\"GREAT\",\"url\":\"https:\\\/\\\/greatalimentosorganicos.com\\\/p\\\/\",\"logo\":{\"@type\":\"ImageObject\",\"inLanguage\":\"es\",\"@id\":\"https:\\\/\\\/greatalimentosorganicos.com\\\/p\\\/#\\\/schema\\\/logo\\\/image\\\/\",\"url\":\"https:\\\/\\\/greatalimentosorganicos.com\\\/p\\\/wp-content\\\/uploads\\\/2023\\\/09\\\/LOGO-2023_GREAT_TXT_gris.png\",\"contentUrl\":\"https:\\\/\\\/greatalimentosorganicos.com\\\/p\\\/wp-content\\\/uploads\\\/2023\\\/09\\\/LOGO-2023_GREAT_TXT_gris.png\",\"width\":800,\"height\":193,\"caption\":\"GREAT\"},\"image\":{\"@id\":\"https:\\\/\\\/greatalimentosorganicos.com\\\/p\\\/#\\\/schema\\\/logo\\\/image\\\/\"}}]}<\/script>\n<!-- \/ Yoast SEO plugin. -->","yoast_head_json":{"title":"Certificaciones - GREAT","robots":{"index":"index","follow":"follow","max-snippet":"max-snippet:-1","max-image-preview":"max-image-preview:large","max-video-preview":"max-video-preview:-1"},"canonical":"https:\/\/greatalimentosorganicos.com\/p\/certificaciones\/","og_locale":"es_ES","og_type":"article","og_title":"Certificaciones - GREAT","og_description":"[vc_row full_width=&#8221;stretch_row&#8221; hide_bg_image_on_tablet=&#8221;&#8221; hide_bg_image_on_mobile=&#8221;&#8221; css=&#8221;.vc_custom_1533554331000{margin-top: -20px !important;background-image: url(https:\/\/greatalimentosorganicos.com\/p\/wp-content\/uploads\/2018\/08\/pattent-white-bottom.png?id=1158) !important;background-position: top left !important;}&#8221;][vc_column icons_position=&#8221;left&#8221;][vc_empty_space height=&#8221;90px&#8221; alter_height=&#8221;none&#8221; hide_on_desktop=&#8221;&#8221; hide_on_notebook=&#8221;&#8221; hide_on_tablet=&#8221;&#8221; hide_on_mobile=&#8221;1&#8243;][vc_empty_space height=&#8221;70px&#8221; alter_height=&#8221;none&#8221; hide_on_desktop=&#8221;1&#8243; hide_on_notebook=&#8221;1&#8243; hide_on_tablet=&#8221;1&#8243; hide_on_mobile=&#8221;&#8221;][vc_single_image image=&#8221;1736&#8243; img_size=&#8221;full&#8221;][vc_empty_space height=&#8221;3em&#8221; alter_height=&#8221;none&#8221; hide_on_desktop=&#8221;&#8221;&hellip;","og_url":"https:\/\/greatalimentosorganicos.com\/p\/certificaciones\/","og_site_name":"GREAT","article_modified_time":"2023-12-05T18:39:56+00:00","twitter_card":"summary_large_image","twitter_misc":{"Tiempo de lectura":"3 minutos"},"schema":{"@context":"https:\/\/schema.org","@graph":[{"@type":"WebPage","@id":"https:\/\/greatalimentosorganicos.com\/p\/certificaciones\/","url":"https:\/\/greatalimentosorganicos.com\/p\/certificaciones\/","name":"Certificaciones - GREAT","isPartOf":{"@id":"https:\/\/greatalimentosorganicos.com\/p\/#website"},"datePublished":"2018-01-09T09:37:08+00:00","dateModified":"2023-12-05T18:39:56+00:00","inLanguage":"es","potentialAction":[{"@type":"ReadAction","target":["https:\/\/greatalimentosorganicos.com\/p\/certificaciones\/"]}]},{"@type":"WebSite","@id":"https:\/\/greatalimentosorganicos.com\/p\/#website","url":"https:\/\/greatalimentosorganicos.com\/p\/","name":"GREAT","description":"Alimentos Org\u00e1nicos","publisher":{"@id":"https:\/\/greatalimentosorganicos.com\/p\/#organization"},"potentialAction":[{"@type":"SearchAction","target":{"@type":"EntryPoint","urlTemplate":"https:\/\/greatalimentosorganicos.com\/p\/?s={search_term_string}"},"query-input":{"@type":"PropertyValueSpecification","valueRequired":true,"valueName":"search_term_string"}}],"inLanguage":"es"},{"@type":"Organization","@id":"https:\/\/greatalimentosorganicos.com\/p\/#organization","name":"GREAT","url":"https:\/\/greatalimentosorganicos.com\/p\/","logo":{"@type":"ImageObject","inLanguage":"es","@id":"https:\/\/greatalimentosorganicos.com\/p\/#\/schema\/logo\/image\/","url":"https:\/\/greatalimentosorganicos.com\/p\/wp-content\/uploads\/2023\/09\/LOGO-2023_GREAT_TXT_gris.png","contentUrl":"https:\/\/greatalimentosorganicos.com\/p\/wp-content\/uploads\/2023\/09\/LOGO-2023_GREAT_TXT_gris.png","width":800,"height":193,"caption":"GREAT"},"image":{"@id":"https:\/\/greatalimentosorganicos.com\/p\/#\/schema\/logo\/image\/"}}]}},"_links":{"self":[{"href":"https:\/\/greatalimentosorganicos.com\/p\/wp-json\/wp\/v2\/pages\/36","targetHints":{"allow":["GET"]}}],"collection":[{"href":"https:\/\/greatalimentosorganicos.com\/p\/wp-json\/wp\/v2\/pages"}],"about":[{"href":"https:\/\/greatalimentosorganicos.com\/p\/wp-json\/wp\/v2\/types\/page"}],"author":[{"embeddable":true,"href":"https:\/\/greatalimentosorganicos.com\/p\/wp-json\/wp\/v2\/users\/1"}],"replies":[{"embeddable":true,"href":"https:\/\/greatalimentosorganicos.com\/p\/wp-json\/wp\/v2\/comments?post=36"}],"version-history":[{"count":5,"href":"https:\/\/greatalimentosorganicos.com\/p\/wp-json\/wp\/v2\/pages\/36\/revisions"}],"predecessor-version":[{"id":1737,"href":"https:\/\/greatalimentosorganicos.com\/p\/wp-json\/wp\/v2\/pages\/36\/revisions\/1737"}],"wp:attachment":[{"href":"https:\/\/greatalimentosorganicos.com\/p\/wp-json\/wp\/v2\/media?parent=36"}],"curies":[{"name":"wp","href":"https:\/\/api.w.org\/{rel}","templated":true}]}}